{"id":6510,"date":"2017-09-09T07:21:48","date_gmt":"2017-09-09T07:21:48","guid":{"rendered":"https:\/\/shotokai.com\/espanol\/?page_id=6510"},"modified":"2017-12-01T05:22:14","modified_gmt":"2017-12-01T05:22:14","slug":"glosario-shotokai-version-expandida","status":"publish","type":"page","link":"https:\/\/shotokai.com\/espanol\/glosario-shotokai\/glosario-shotokai-version-expandida\/","title":{"rendered":"GLOSARIO SHOTOKAI (versi\u00f3n expandida)"},"content":{"rendered":"<p><strong>A<\/strong><\/p>\n<p>AI: Projecci\u00f3n, uni\u00f3n.<\/p>\n<p>ATAMA: Cabeza.<\/p>\n<p>AGE: Subiendo.<\/p>\n<p>AGE-UKE: Parada alta.<\/p>\n<p>AGE-ZUKI: Golpe directo ascendente.<\/p>\n<p>ASHI: Pie, pierna.<\/p>\n<p>ASHI BARAI: Barrido de pies.<\/p>\n<p>ASHI GURUMA: Rueda de pierna.<\/p>\n<p>ASHI WAZA: Nombre dado a todas las t\u00e9cnicas de pies.<\/p>\n<p>ATEMI: Golpear.<\/p>\n<p>ATEMI WAZA: T\u00e9cnicas de golpe normalmente usadas con t\u00e9cnicas de agarre y para botar al contrincante.<\/p>\n<p>AWASE UKE: Bloqueo de manos unidas.<\/p>\n<p>AWASE ZUKI: Golpe en U. Tambi\u00e9n denominado MOROTE ZUKI.<\/p>\n<p>B<\/p>\n<p>BO: Vara. Un palo largo utilizado como arma, aprox 1.8 metros.<\/p>\n<p>BODAI SHIN: La mente despierta o mente\/esp\u00edritu iluminado; SATORI.<\/p>\n<p>BODHISATTVA: Buddha viviente. Alguien que sabe que lo es y dedica su vida para ayudar a otros; \u00e9l no se retira de la sociedad para vivir una vida contemplativa. Nada lo distingue del resto de la humanidad pero su esp\u00edritu es Buddha.<\/p>\n<p>BO-JITSU: T\u00e9cnicas de Bo.<\/p>\n<p>BOGYO ROKU KYODO: Seis acciones de defensa.<\/p>\n<p>BONNOS: Deseos; ilusiones. El deseo en si mismo es natural y es da\u00f1ino o enga\u00f1ador s\u00f3lo si nos aferramos o resistimos a \u00e9l.<\/p>\n<p>BUDO: V\u00eda marcial, las artes marciales. Budo es La V\u00eda del Combate. BU se deriva de un ideograma que significaba parar y otro que representaba un arma como una alabarda, unidos, por lo tanto, BU, significar\u00eda algo equivalente a &#8220;parar la alabarda&#8221;. En Karate, existe el supuesto de que la mejor manera de evitar un confrontamiento violento es enfatizar el cultivo del car\u00e1cter del individuo. La v\u00eda (DO) de Karate es, por lo tanto, equivalente a la v\u00eda del BU, si se toma en el sentido de prevenir o evitar la violencia.<\/p>\n<p>BUJUTSU: Artes de lucha de la clase guerrera<\/p>\n<p>japonesa.<\/p>\n<p>BUNKAI: Un estudio de las t\u00e9cnicas y aplicaciones del<\/p>\n<p>KATA.<\/p>\n<p>BUSHI: Clase guerrera de Jap\u00f3n.<\/p>\n<p>BUSHIDO: La V\u00eda del Guerrero Samurai.<\/p>\n<p>BUTSUDO: Budismo.<\/p>\n<p>BIBLIOGRAF\u00cdA<\/p>\n<p>&#8211; Glosario del Cyberdojo Internet.<\/p>\n<p>&#8211; Glosario de Shotokai Finlandia<\/p>\n<p>&#8211; Glosario del libro &#8220;Karate, Estudio de T\u00e9cnicas Fundamentales&#8221;, Jos\u00e9 Rodr\u00edguez.<\/p>\n<p>&#8211; Boletines Shotokai de la rama.<\/p>\n<p>&#8211; My Way of Life. Gichin Funakoshi.<\/p>\n<p>&#8211; Karate-do Kyohan. Gichin Funakoshi<\/p>\n<p>&#8211; Karate-do Nyumon. Gichin Funakoshi.<\/p>\n<p>&#8211; The Zen Way to the Martial Arts. Taisen Deshimaru.<\/p>\n<p>&#8211; Entrenamiento del Karate, Argimiro Gonz\u00e1lez.<\/p>\n<p>&#8211; Asesor\u00eda personal de Sensei Humberto Heyden.<\/p>\n<p>&#8211; Informaci\u00f3n personal recopilada por Gloria Medina.<\/p>\n<p>&nbsp;<\/p>\n","protected":false},"excerpt":{"rendered":"<p>A AI: Projecci\u00f3n, uni\u00f3n. ATAMA: Cabeza. AGE: Subiendo. AGE-UKE: Parada alta. AGE-ZUKI: Golpe directo ascendente. ASHI: Pie, pierna. ASHI BARAI: Barrido de pies. ASHI GURUMA: Rueda<span class=\"excerpt-hellip\"> [\u2026]<\/span><\/p>\n","protected":false},"author":1,"featured_media":0,"parent":6507,"menu_order":0,"comment_status":"closed","ping_status":"closed","template":"","meta":{"footnotes":""},"class_list":["post-6510","page","type-page","status-publish","hentry"],"_links":{"self":[{"href":"https:\/\/shotokai.com\/espanol\/wp-json\/wp\/v2\/pages\/6510","targetHints":{"allow":["GET"]}}],"collection":[{"href":"https:\/\/shotokai.com\/espanol\/wp-json\/wp\/v2\/pages"}],"about":[{"href":"https:\/\/shotokai.com\/espanol\/wp-json\/wp\/v2\/types\/page"}],"author":[{"embeddable":true,"href":"https:\/\/shotokai.com\/espanol\/wp-json\/wp\/v2\/users\/1"}],"replies":[{"embeddable":true,"href":"https:\/\/shotokai.com\/espanol\/wp-json\/wp\/v2\/comments?post=6510"}],"version-history":[{"count":1,"href":"https:\/\/shotokai.com\/espanol\/wp-json\/wp\/v2\/pages\/6510\/revisions"}],"predecessor-version":[{"id":6512,"href":"https:\/\/shotokai.com\/espanol\/wp-json\/wp\/v2\/pages\/6510\/revisions\/6512"}],"up":[{"embeddable":true,"href":"https:\/\/shotokai.com\/espanol\/wp-json\/wp\/v2\/pages\/6507"}],"wp:attachment":[{"href":"https:\/\/shotokai.com\/espanol\/wp-json\/wp\/v2\/media?parent=6510"}],"curies":[{"name":"wp","href":"https:\/\/api.w.org\/{rel}","templated":true}]}}