{"id":6514,"date":"2017-09-09T07:24:50","date_gmt":"2017-09-09T07:24:50","guid":{"rendered":"https:\/\/shotokai.com\/espanol\/?page_id=6514"},"modified":"2017-09-09T07:26:39","modified_gmt":"2017-09-09T07:26:39","slug":"glosario-shotokai-version-expandida-2","status":"publish","type":"page","link":"https:\/\/shotokai.com\/espanol\/glosario-shotokai\/glosario-shotokai-version-expandida-2\/","title":{"rendered":"GLOSARIO SHOTOKAI (versi\u00f3n expandida)"},"content":{"rendered":"<p><strong>C<\/strong><\/p>\n<p>CHADO: La V\u00eda de la Ceremonia de T\u00e9.<\/p>\n<p>CHAKUGAN: Mirada.<\/p>\n<p>CHOKU ZUKI: Golpe recto.<\/p>\n<p>CHUDAN: Secci\u00f3n media del cuerpo.<\/p>\n<p>CHUDAN ZUKI: Golpe recto.<\/p>\n<p>D<\/p>\n<p>DACHI: Postura.<\/p>\n<p>DE ASHI BARAI: Barrido frontal con un pie.<\/p>\n<p>DENZOOK: Sin cuenta.<\/p>\n<p>DO: Camino espiritual. La V\u00eda. Utiliza el mismo ideograma que TAO en chino. En Karate, es, por lo tanto, una forma de lograr la iluminaci\u00f3n o la forma de mejorar su car\u00e1cter a trav\u00e9s de entrenamiento de tipo tradicional.<\/p>\n<p>DOGU: Equipo.<\/p>\n<p>DOJO: Sala de artes marciales. Literalmente &#8220;lugar de la V\u00eda&#8221; o &#8220;lugar de Iluminaci\u00f3n&#8221;. Donde se practica Artes Marciales y Meditaci\u00f3n Zen.<\/p>\n<p>DOKAN: El Anillo de la V\u00eda.; repetici\u00f3n, pr\u00e1ctica constante.<\/p>\n<p>DO KYO: La ense\u00f1anza de la V\u00eda.<\/p>\n<p>DOMO ARIGATO GOZAIMASHITA: Muchas gracias.<\/p>\n<p>E<\/p>\n<p>EGO: El peque\u00f1o yo, posesivo y limitado, que debe ser destruido en la medida que consista de ilusiones, mientras que la mayor\u00eda tiende a considerarlo o tratarlo como algo permanente, estable, algo a lo cual uno puede referirse an\u00e1logo a una silla o una mesa.<\/p>\n<p>EKU: Remo, usada como arma en Okinawa.<\/p>\n<p>EMBU: Demostraci\u00f3n.<\/p>\n<p>EMBUSEN: Patr\u00f3n de movimiento en el suelo de un determinado KATA.<\/p>\n<p>EMPI: 1) Uno de los KATA de Cintur\u00f3n Negro, traducido como &#8220;El Vuelo de la Golondrina&#8221;.<\/p>\n<p>2) Codo.<\/p>\n<p>EMPI UCHI: Golpe con codo.<\/p>\n<p>F<\/p>\n<p>FU: Prefijo negativo.<\/p>\n<p>FUDO: Sin movimiento.<\/p>\n<p>FUDO DACHI: &#8220;Posici\u00f3n innamovible&#8221; (o SOCHIN DACHI).<\/p>\n<p>FUDOSHIN: Mente inamovible.<\/p>\n<p>FUMIKOMI GERI: Aplastamiento, pisot\u00f3n, normalmente aplicado a la rodilla, canilla.<\/p>\n<p>FUMIKIRI: Patada cortante.<\/p>\n<p>FUNDOSHI: Short.<\/p>\n<p>BIBLIOGRAFIA<\/p>\n<p>&#8211; Glosario del Cyberdojo Internet.<\/p>\n<p>&#8211; Glosario de Shotokai Finlandia<\/p>\n<p>&#8211; Glosario del libro &#8220;Karate, Estudio de T\u00e9cnicas Fundamentales&#8221;, Jos\u00e9 Rodr\u00edguez.<\/p>\n<p>&#8211; Boletines Shotokai de la rama.<\/p>\n<p>&#8211; My Way of Life. Gichin Funakoshi.<\/p>\n<p>&#8211; Karate-do Kyohan. Gichin Funakoshi.<\/p>\n<p>&#8211; Karate-do Nyumon. Gichin Funakoshi.<\/p>\n<p>&#8211; The Zen Way to the Martial Arts. Taisen Deshimaru.<\/p>\n<p>&#8211; Entrenamiento del Karate, Argimiro Gonz\u00e1lez.<\/p>\n<p>&#8211; Asesor\u00eda personal de Sensei Humberto Heyden.<\/p>\n<p>&#8211; Informaci\u00f3n personal recopilada por Gloria Medina.<\/p>\n<p>&nbsp;<\/p>\n","protected":false},"excerpt":{"rendered":"<p>C CHADO: La V\u00eda de la Ceremonia de T\u00e9. CHAKUGAN: Mirada. CHOKU ZUKI: Golpe recto. CHUDAN: Secci\u00f3n media del cuerpo. CHUDAN ZUKI: Golpe recto. D DACHI:<span class=\"excerpt-hellip\"> [\u2026]<\/span><\/p>\n","protected":false},"author":1,"featured_media":0,"parent":6507,"menu_order":0,"comment_status":"closed","ping_status":"closed","template":"","meta":{"footnotes":""},"class_list":["post-6514","page","type-page","status-publish","hentry"],"_links":{"self":[{"href":"https:\/\/shotokai.com\/espanol\/wp-json\/wp\/v2\/pages\/6514","targetHints":{"allow":["GET"]}}],"collection":[{"href":"https:\/\/shotokai.com\/espanol\/wp-json\/wp\/v2\/pages"}],"about":[{"href":"https:\/\/shotokai.com\/espanol\/wp-json\/wp\/v2\/types\/page"}],"author":[{"embeddable":true,"href":"https:\/\/shotokai.com\/espanol\/wp-json\/wp\/v2\/users\/1"}],"replies":[{"embeddable":true,"href":"https:\/\/shotokai.com\/espanol\/wp-json\/wp\/v2\/comments?post=6514"}],"version-history":[{"count":1,"href":"https:\/\/shotokai.com\/espanol\/wp-json\/wp\/v2\/pages\/6514\/revisions"}],"predecessor-version":[{"id":6515,"href":"https:\/\/shotokai.com\/espanol\/wp-json\/wp\/v2\/pages\/6514\/revisions\/6515"}],"up":[{"embeddable":true,"href":"https:\/\/shotokai.com\/espanol\/wp-json\/wp\/v2\/pages\/6507"}],"wp:attachment":[{"href":"https:\/\/shotokai.com\/espanol\/wp-json\/wp\/v2\/media?parent=6514"}],"curies":[{"name":"wp","href":"https:\/\/api.w.org\/{rel}","templated":true}]}}