{"id":6517,"date":"2017-09-09T07:28:12","date_gmt":"2017-09-09T07:28:12","guid":{"rendered":"https:\/\/shotokai.com\/espanol\/?page_id=6517"},"modified":"2017-09-09T07:28:12","modified_gmt":"2017-09-09T07:28:12","slug":"glosario-shotokai-version-expandida-3","status":"publish","type":"page","link":"https:\/\/shotokai.com\/espanol\/glosario-shotokai\/glosario-shotokai-version-expandida-3\/","title":{"rendered":"GLOSARIO SHOTOKAI (versi\u00f3n expandida)"},"content":{"rendered":"<p><strong>G<\/strong><\/p>\n<p>GANKAKU DACHI: Posici\u00f3n de la Grulla.<\/p>\n<p>GASSHUKU: Retiro.<\/p>\n<p>GEDAN: Parte baja del cuerpo.<\/p>\n<p>GEDAN-BARAI: Bloqueo bajo.<\/p>\n<p>GEDAN JUJI UKE: Bloqueo bajo en X.<\/p>\n<p>GEDAN ZUKI: Golpe a secci\u00f3n baja del oponente.<\/p>\n<p>GERI: Patada.<\/p>\n<p>GIAKU-ZUKI: Golpe directo con brazo y pierna opuesta (o GYAKU ZUKI).<\/p>\n<p>GIAKU-HANMI: Costado contrario.<\/p>\n<p>GOKOKU: Un punto de resucitaci\u00f3n en el \u00e1rea carnosa entre el pulgar y el dedo \u00edndice.<\/p>\n<p>GO NO SEN: T\u00e1ctica donde se le permite al oponente atacar primero de tal manera de que se abra a un contraataque.<\/p>\n<p>GOHON KUMITE: Ejercicio de combate de cinco pasos.<\/p>\n<p>GYODO: La V\u00eda Verdadera.<\/p>\n<p>H<\/p>\n<p>HACHIJI-DACHI: Pies separados.<\/p>\n<p>HACHIMAKI: Banda de tela para absorber la transpiraci\u00f3n. Cintillo de resoluci\u00f3n.<\/p>\n<p>HAI: S\u00ed.<\/p>\n<p>HAISHO: Dorso de la mano (o HAISHU).<\/p>\n<p>HAISHU UCHI: Golpe con el dorso de la mano.<\/p>\n<p>HAISHU UKE: Bloqueo con el dorso de la mano.<\/p>\n<p>HAITO: Borde interno de la mano (HAITTO).<\/p>\n<p>HAITO UCHI: Golpe con borde interno de la mano.<\/p>\n<p>HAIWAN-UKE: Parada con antebrazo.<\/p>\n<p>HAJIME: Comience (HAJIMAE).<\/p>\n<p>HAN: Clan.<\/p>\n<p>HANGETSU: KATA de Cintur\u00f3n Negro.<\/p>\n<p>HANGETSU-DACHI: Posici\u00f3n de media luna.<\/p>\n<p>HANMI: Costado perfil.<\/p>\n<p>HANNYA: Sabidur\u00eda suprema o trascendental.<\/p>\n<p>HANSHI: Maestro. T\u00edtulo honorario dado al Cintur\u00f3n Negro de mayor rango en la Organizaci\u00f3n.<\/p>\n<p>HASAMI ZUKI: Golpe de tijera.<\/p>\n<p>HARA: Intestinos; el centro y fuente de la energ\u00eda f\u00edsica, en el abdomen inferior.<\/p>\n<p>HARAI TE: T\u00e9cnica de barrido con brazo.<\/p>\n<p>HARAI WAZA: T\u00e9cnicas de barrido.<\/p>\n<p>HEIAN: Katas b\u00e1sicos.<\/p>\n<p>HEIKO DACHI: Posici\u00f3n natural, pies separados al ancho de los hombros.<\/p>\n<p>HEIKO ZUKI: Golpe paralelo, relizado con ambos brazos<\/p>\n<p>HEISOKU: Empeine del pie.<\/p>\n<p>HEISOKU-DACHI: Pies juntos y paralelos, posici\u00f3n de atenci\u00f3n.<\/p>\n<p>HIDARI: Izquierda.<\/p>\n<p>HIJI: Codo.<\/p>\n<p>HIJI ATEMI: Golpes con codos.<\/p>\n<p>HIJI UKE: Acci\u00f3n de bloqueo usando el codo.<\/p>\n<p>HIKIASHI: Retroceso de la pierna.<\/p>\n<p>HIKITE: Retracci\u00f3n del brazo contrario.<\/p>\n<p>HIRAKEN: Pu\u00f1o de nudillos medios.<\/p>\n<p>HISHIRYO: Pensar sin pensamiento; consciencia m\u00e1s all\u00e1 del pensamiento.<\/p>\n<p>HITTSUI: Rodilla.<\/p>\n<p>HITTSUI GERI: Golpe con rodilla.<\/p>\n<p>HIZAGASHIRA: Rodilla.<\/p>\n<p>HIZA-GERI: Patada con rodilla.<\/p>\n<p>HIZA GURUMA: Rodada con rodilla.<\/p>\n<p>HOMBU DOJO: T\u00e9rmino utilizado para referirse al dojo central de una organizaci\u00f3n.<\/p>\n<p>HORAN NO KAMAE: &#8220;Posici\u00f3n preparado de huevo en el nido&#8221;. Posici\u00f3n de inicio utilizado en algunos KATA donde el pu\u00f1o es cubierto por la otra mano.<\/p>\n<p>BIBLIOGRAF\u00cdA<\/p>\n<p>&#8211; Glosario del Cyberdojo Internet.<\/p>\n<p>&#8211; Glosario de Shotokai Finlandia<\/p>\n<p>&#8211; Glosario del libro &#8220;Karate, Estudio de T\u00e9cnicas Fundamentales&#8221;, Jos\u00e9 Rodr\u00edguez.<\/p>\n<p>&#8211; Boletines Shotokai de la rama.<\/p>\n<p>&#8211; Karate-do Kyohan. Gichin Funakoshi.<\/p>\n<p>&#8211; My Way of Life. Gichin Funakoshi.<\/p>\n<p>&#8211; Karate-do Nyumon. Gichin Funakoshi.<\/p>\n<p>&#8211; The Zen Way to the Martial Arts. Taisen Deshimaru.<\/p>\n<p>&#8211; Entrenamiento del Karate, Argimiro Gonz\u00e1lez.<\/p>\n<p>&#8211; Asesor\u00eda personal de Sensei Humberto Heyden.<\/p>\n<p>&#8211; Informaci\u00f3n personal recopilada por Gloria Medina.<\/p>\n<p>&nbsp;<\/p>\n","protected":false},"excerpt":{"rendered":"<p>G GANKAKU DACHI: Posici\u00f3n de la Grulla. GASSHUKU: Retiro. GEDAN: Parte baja del cuerpo. GEDAN-BARAI: Bloqueo bajo. GEDAN JUJI UKE: Bloqueo bajo en X. GEDAN ZUKI:<span class=\"excerpt-hellip\"> [\u2026]<\/span><\/p>\n","protected":false},"author":1,"featured_media":0,"parent":6507,"menu_order":0,"comment_status":"closed","ping_status":"closed","template":"","meta":{"footnotes":""},"class_list":["post-6517","page","type-page","status-publish","hentry"],"_links":{"self":[{"href":"https:\/\/shotokai.com\/espanol\/wp-json\/wp\/v2\/pages\/6517","targetHints":{"allow":["GET"]}}],"collection":[{"href":"https:\/\/shotokai.com\/espanol\/wp-json\/wp\/v2\/pages"}],"about":[{"href":"https:\/\/shotokai.com\/espanol\/wp-json\/wp\/v2\/types\/page"}],"author":[{"embeddable":true,"href":"https:\/\/shotokai.com\/espanol\/wp-json\/wp\/v2\/users\/1"}],"replies":[{"embeddable":true,"href":"https:\/\/shotokai.com\/espanol\/wp-json\/wp\/v2\/comments?post=6517"}],"version-history":[{"count":1,"href":"https:\/\/shotokai.com\/espanol\/wp-json\/wp\/v2\/pages\/6517\/revisions"}],"predecessor-version":[{"id":6518,"href":"https:\/\/shotokai.com\/espanol\/wp-json\/wp\/v2\/pages\/6517\/revisions\/6518"}],"up":[{"embeddable":true,"href":"https:\/\/shotokai.com\/espanol\/wp-json\/wp\/v2\/pages\/6507"}],"wp:attachment":[{"href":"https:\/\/shotokai.com\/espanol\/wp-json\/wp\/v2\/media?parent=6517"}],"curies":[{"name":"wp","href":"https:\/\/api.w.org\/{rel}","templated":true}]}}