{"id":6520,"date":"2017-09-09T07:30:39","date_gmt":"2017-09-09T07:30:39","guid":{"rendered":"https:\/\/shotokai.com\/espanol\/?page_id=6520"},"modified":"2017-09-09T07:30:39","modified_gmt":"2017-09-09T07:30:39","slug":"glosario-shotokai-version-expandida-4","status":"publish","type":"page","link":"https:\/\/shotokai.com\/espanol\/glosario-shotokai\/glosario-shotokai-version-expandida-4\/","title":{"rendered":"GLOSARIO SHOTOKAI (versi\u00f3n expandida)"},"content":{"rendered":"<p><strong>I<\/strong><\/p>\n<p>IAI-DO: El Arte de la espada usada defensivamente.<\/p>\n<p>IBUKI: Respiraci\u00f3n voluntaria con contracci\u00f3n.<\/p>\n<p>IKI: Fuerza de voluntad.<\/p>\n<p>IPPON KEN: Pu\u00f1o de un nudillo.<\/p>\n<p>IPPON-KUMITE: Un solo ataque.<\/p>\n<p>IPPON-NUKITE: Acci\u00f3n de acuchillar utilizando el dedo \u00edndice.<\/p>\n<p>IRIMI WAZA: T\u00e9cnicas de entrada.<\/p>\n<p>ISSHIN: Unificar la mente.<\/p>\n<p>I SHIN DEN SHIN: &#8220;De mi alma a tu alma&#8221;; directamente, no verbalmente.<\/p>\n<p>J<\/p>\n<p>JIGO TAI: Postura defensiva.<\/p>\n<p>JIN: Hombre. Campamento.<\/p>\n<p>JIYU: Libre.<\/p>\n<p>JIYU IPPON KUMITE: Combate de entrenamiento de un paso.<\/p>\n<p>JIYU KUMITE: Combate Libre de entrenamiento.<\/p>\n<p>JO: Vara corta.<\/p>\n<p>JO-JITSU: T\u00e9cnicas de Jo.<\/p>\n<p>JODAN: Parte superior del cuerpo. Hombros o m\u00e1s arriba.<\/p>\n<p>JODAN JUJI UKE: Bloqueo alto en X.<\/p>\n<p>JUDO: La V\u00eda que usa la debilidad o flexibilidad para sobreponerse a la fuerza.-<i>\u00a0ju\u00a0<\/i>significa maleable doblable, adaptable.<i><\/i><\/p>\n<p>JUJI: X, cruz.<\/p>\n<p>JUJI UKE: Bloqueo en X<\/p>\n<p>JU-KUMITE: Combate libre.<\/p>\n<p>BIBLIOGRAF\u00cdA<\/p>\n<p>&#8211; Glosario del Cyberdojo Internet.<\/p>\n<p>&#8211; Glosario de Shotokai Finlandia<\/p>\n<p>&#8211; Glosario del libro &#8220;Karate, Estudio de T\u00e9cnicas Fundamentales&#8221;, Jos\u00e9 Rodr\u00edguez.<\/p>\n<p>&#8211; Boletines Shotokai de la rama.<\/p>\n<p>&#8211; My Way of Life. Gichin Funakoshi.<\/p>\n<p>&#8211; Karate-do Kyohan. Gichin Funakoshi.<\/p>\n<p>&#8211; Karate-do Nyumon. Gichin Funakoshi.<\/p>\n<p>&#8211; The Zen Way to the Martial Arts. Taisen Deshimaru.<\/p>\n<p>&#8211; Entrenamiento del Karate, Argimiro Gonz\u00e1lez.<\/p>\n<p>&#8211; Asesor\u00eda personal de Sensei Humberto Heyden.<\/p>\n<p>&#8211; Informaci\u00f3n personal recopilada por Gloria Medina.<\/p>\n<p>&nbsp;<\/p>\n","protected":false},"excerpt":{"rendered":"<p>I IAI-DO: El Arte de la espada usada defensivamente. IBUKI: Respiraci\u00f3n voluntaria con contracci\u00f3n. IKI: Fuerza de voluntad. IPPON KEN: Pu\u00f1o de un nudillo. IPPON-KUMITE: Un<span class=\"excerpt-hellip\"> [\u2026]<\/span><\/p>\n","protected":false},"author":1,"featured_media":0,"parent":6507,"menu_order":0,"comment_status":"closed","ping_status":"closed","template":"","meta":{"footnotes":""},"class_list":["post-6520","page","type-page","status-publish","hentry"],"_links":{"self":[{"href":"https:\/\/shotokai.com\/espanol\/wp-json\/wp\/v2\/pages\/6520","targetHints":{"allow":["GET"]}}],"collection":[{"href":"https:\/\/shotokai.com\/espanol\/wp-json\/wp\/v2\/pages"}],"about":[{"href":"https:\/\/shotokai.com\/espanol\/wp-json\/wp\/v2\/types\/page"}],"author":[{"embeddable":true,"href":"https:\/\/shotokai.com\/espanol\/wp-json\/wp\/v2\/users\/1"}],"replies":[{"embeddable":true,"href":"https:\/\/shotokai.com\/espanol\/wp-json\/wp\/v2\/comments?post=6520"}],"version-history":[{"count":1,"href":"https:\/\/shotokai.com\/espanol\/wp-json\/wp\/v2\/pages\/6520\/revisions"}],"predecessor-version":[{"id":6521,"href":"https:\/\/shotokai.com\/espanol\/wp-json\/wp\/v2\/pages\/6520\/revisions\/6521"}],"up":[{"embeddable":true,"href":"https:\/\/shotokai.com\/espanol\/wp-json\/wp\/v2\/pages\/6507"}],"wp:attachment":[{"href":"https:\/\/shotokai.com\/espanol\/wp-json\/wp\/v2\/media?parent=6520"}],"curies":[{"name":"wp","href":"https:\/\/api.w.org\/{rel}","templated":true}]}}