{"id":6523,"date":"2017-09-09T07:33:28","date_gmt":"2017-09-09T07:33:28","guid":{"rendered":"https:\/\/shotokai.com\/espanol\/?page_id=6523"},"modified":"2017-09-09T07:33:28","modified_gmt":"2017-09-09T07:33:28","slug":"glosario-shotokai-version-expandida-5","status":"publish","type":"page","link":"https:\/\/shotokai.com\/espanol\/glosario-shotokai\/glosario-shotokai-version-expandida-5\/","title":{"rendered":"GLOSARIO SHOTOKAI (versi\u00f3n expandida)"},"content":{"rendered":"<p><strong>K<\/strong><\/p>\n<p>KADO: La V\u00eda del Arreglo Floral o ikebana.<\/p>\n<p>KAGI-ZUKI: Directo en garfio.<\/p>\n<p>KAI: Asociaci\u00f3n, organizaci\u00f3n.<\/p>\n<p>KAISHO: Mano abierta. Golpe con la mano abierta.<\/p>\n<p>KAITEN: Cadera.<\/p>\n<p>KAKATO: Tal\u00f3n.<\/p>\n<p>KAKATO-GERI: Patada con el tal\u00f3n.<\/p>\n<p>KAKATO UKE: Bloqueo con mu\u00f1eca doblada.<\/p>\n<p>KAKE: Aplicaci\u00f3n de la t\u00e9cnica.<\/p>\n<p>KAKE-TE: Bloqueo en gancho.<\/p>\n<p>KAKIWAKE-UKE: Parada separando.<\/p>\n<p>KAKUSHI WAZA: T\u00e9cnicas escondidas.<\/p>\n<p>KAKUTO UCHI: Golpe a articulaci\u00f3n de mu\u00f1eca (KO UCHI).<\/p>\n<p>KAKUTO UKE: Bloqueo de mu\u00f1eca (KO UKE).<\/p>\n<p>KAMAE: Guardia, postura, actitud; algo muy importante en las artes marciales.<\/p>\n<p>KAMAE-TE: Una orden dada por el instructor para que los practicantes se coloquen en posici\u00f3n.<\/p>\n<p>KAN: Edificio, intuici\u00f3n, casa.<\/p>\n<p>KAN GEIKO: Entrenamiento especial de invierno.<\/p>\n<p>KANJI: Ideograma; la escritura China antigua, adoptada por Jap\u00f3n y actualmente muy simplificado en ambos pa\u00edses.<\/p>\n<p>KANTAN NA MONO YOKU KACHI O SEISU: &#8220;El balance entre la victoria y la derrota muchas veces depende de las cosas simples&#8221;.<\/p>\n<p>KARA: Vac\u00edo, implica sin armas, autodefensa con las manos vac\u00edas. &#8220;Al igual que un valle vac\u00edo puede transportar una voz fuerte, de igual manera, una persona que siga la V\u00eda del Karate debe hacerse vac\u00edo o libre de todo egocentrismo y codicia. Hacerse vac\u00edo internamente pero recto externamente. Este es el verdadero significadode &#8216;vac\u00edo&#8217; en karate&#8221; G. Funakoshi.<\/p>\n<p>KARATEGI: Traje de karate.<\/p>\n<p>KATA: Forma o patr\u00f3n de movimiento preestablecido. La &#8220;forma&#8221; de BUDO. Los principiantes los aprenden, los asimilan y luego los usan. Posteriormente comienzan a crear a partir de ellos, en una forma espec\u00edfica a cada arte.<\/p>\n<p>KATA GATAME: Toma de hombro.<\/p>\n<p>KATANA: Espada larga.<\/p>\n<p>KATSU: 1) T\u00e9cnicas de reanimaci\u00f3n o estimulaci\u00f3n de energ\u00eda. 2) Ganar. 3) Grito particular, igual a KIAI.<\/p>\n<p>KAWASHI: Interacci\u00f3n. Pr\u00e1ctica en la cual se pasa a trav\u00e9s del ataque del oponente<\/p>\n<p>KEAGE: Movimiento ascendente. Patada percutante, literalmente: patada hacia arriba.<\/p>\n<p>KEBANASHI: Movimiento percutante.<\/p>\n<p>KEIKO: Entrenamiento. El \u00fanico secreto para el \u00e9xito en Karate.<\/p>\n<p>KEKOMI: Movimiento penetrante (literalmente, patear hacia\/derecho).<\/p>\n<p>KENDO: La V\u00eda del Arte de la Espada.<\/p>\n<p>KENSEI: La t\u00e9cnica con KIAI silencioso. Involucra la meditaci\u00f3n.<\/p>\n<p>KENTOS: Nudillos.<\/p>\n<p>KENTSUI: &#8220;Pu\u00f1o de martillo&#8221;. Tambi\u00e9n conocido como TETTSUI.<\/p>\n<p>KENTSUI UCHI (o TETTSUI UCHI): Golpe de pu\u00f1o de martillo.<\/p>\n<p>KERI: Patada.<\/p>\n<p>KERI WAZA: T\u00e9cnicas de patada.<\/p>\n<p>KI: Actividad invisible llena de la energ\u00eda del cosmos; se transforma en energ\u00eda material en cada una de las c\u00e9lulas de nuestro cuerpo. Mente. Esp\u00edritu. Energ\u00eda. Fuerza vital. Intenci\u00f3n. KI es una palabra que es dif\u00edcil o imposible traducir a otros idiomas.<\/p>\n<p>KIAI: Grito realizado con el prop\u00f3sito de enfocar toda la energ\u00eda propia hacia un movimiento \u00fanico. A\u00fan cuando no sea audible uno deber\u00eda tratar de preservar la sensaci\u00f3n del KIAI en algunos momentos cruciales de las t\u00e9cnicas de Karate. Manifestaci\u00f3n de KI (uni\u00f3n simult\u00e1nea de esp\u00edritu y expresi\u00f3n de fuerza f\u00edsica).<\/p>\n<p>KIBA-DACHI: Posici\u00f3n del jinete.<\/p>\n<p>KI GAI YUKU: &#8220;La energ\u00eda se ha escapado o arrancado&#8221;.<\/p>\n<p>KIHON: (Algo que es) fundamental. T\u00e9cnicas basicas.<\/p>\n<p>KIKAI: &#8220;El Oc\u00e9ano de Energ\u00eda&#8221; (Abdomen inferior); tambi\u00e9n kikaitanden.<\/p>\n<p>KIME: Concentraci\u00f3n interna y externa final. Enfoque de poder.<\/p>\n<p>KIMETE: Enfoque.<\/p>\n<p>KITSKAY: Atenci\u00f3n.<\/p>\n<p>KIZAMI GERI: Patada con pierna adelantada en posici\u00f3n zenkutsu dachi.<\/p>\n<p>KODO: La V\u00eda de los Perfumes o Aromas.<\/p>\n<p>KOHAI: Un practicante de menor grado que el propio.<\/p>\n<p>KOKEN: Articulaci\u00f3n de la mu\u00f1eca.<\/p>\n<p>KOKIU: Respiraci\u00f3n.<\/p>\n<p>KOKORO: &#8220;Esp\u00edritu, Coraz\u00f3n&#8221;. En la cultura japonesa, el esp\u00edritu se encuentra en el coraz\u00f3n. Un punto de masaje, el \u00e1rea entre las costillas por debajo del plexo solar.<\/p>\n<p>KOKUTSU-DACHI: Posici\u00f3n atrasada.<\/p>\n<p>KOKYU: Respiraci\u00f3n.<\/p>\n<p>KOSHA-DACHI: Posici\u00f3n con los pies cruzados.<\/p>\n<p>KOSHIN: Hacia atr\u00e1s.<\/p>\n<p>KOSHI WAZA: T\u00e9cnicas de cadera.<\/p>\n<p>KOSON: Un punto de resucitaci\u00f3n cerca del centro del pie.<\/p>\n<p>KU: Vacuidad, existencia sin sustancia perdurable. En Budismo, lo Invisible, un concepto de Dios. Todas las existencias en el Cosmos existen, pero sus esencias no pueden ser comprendidas.<\/p>\n<p>KUMADE: Mano de garra.<\/p>\n<p>KUMIKATA: M\u00e9todos de agarre.<\/p>\n<p>KUMITE: Combate.<\/p>\n<p>KUSHI: Boca.<\/p>\n<p>KUSHO: Puntos vitales del cuerpo.<\/p>\n<p>KUZUSHI: Romper el equilibrio.<\/p>\n<p>KYU: Grado. Cualquier grado bajo Shodan.<\/p>\n<p>KYUDO: La V\u00eda del Arte del tiro con Arco y Flecha.<\/p>\n<p>KYOO: Religi\u00f3n.<\/p>\n<p>KYOSHI: Instructor.<\/p>\n<p>KYU SHIN RYU: La escuela que ense\u00f1a como gobernar la mente.<\/p>\n<p>KYUSHO: Punto vital<\/p>\n<p>BIBLIOGRAF\u00cdA<\/p>\n<p>&#8211; Glosario del Cyberdojo Internet.<\/p>\n<p>&#8211; Glosario de Shotokai Finlandia<\/p>\n<p>&#8211; Glosario del libro &#8220;Karate, Estudio de T\u00e9cnicas Fundamentales&#8221;, Jos\u00e9 Rodr\u00edguez.<\/p>\n<p>&#8211; Boletines Shotokai de la rama.<\/p>\n<p>&#8211; Karate-do Kyohan. Gichin Funakoshi.<\/p>\n<p>&#8211; My Way of Life. Gichin Funakoshi.<\/p>\n<p>&#8211; Karate-do Nyumon. Gichin Funakoshi.<\/p>\n<p>&#8211; The Zen Way to the Martial Arts. Taisen Deshimaru.<\/p>\n<p>&#8211; Entrenamiento del Karate, Argimiro Gonz\u00e1lez.<\/p>\n<p>&#8211; Asesor\u00eda personal de Sensei Humberto Heyden.<\/p>\n<p>&#8211; Informaci\u00f3n personal recopilada por Gloria Medina.<\/p>\n<p>&nbsp;<\/p>\n","protected":false},"excerpt":{"rendered":"<p>K KADO: La V\u00eda del Arreglo Floral o ikebana. KAGI-ZUKI: Directo en garfio. KAI: Asociaci\u00f3n, organizaci\u00f3n. KAISHO: Mano abierta. Golpe con la mano abierta. KAITEN: Cadera.<span class=\"excerpt-hellip\"> [\u2026]<\/span><\/p>\n","protected":false},"author":1,"featured_media":0,"parent":6507,"menu_order":0,"comment_status":"closed","ping_status":"closed","template":"","meta":{"footnotes":""},"class_list":["post-6523","page","type-page","status-publish","hentry"],"_links":{"self":[{"href":"https:\/\/shotokai.com\/espanol\/wp-json\/wp\/v2\/pages\/6523","targetHints":{"allow":["GET"]}}],"collection":[{"href":"https:\/\/shotokai.com\/espanol\/wp-json\/wp\/v2\/pages"}],"about":[{"href":"https:\/\/shotokai.com\/espanol\/wp-json\/wp\/v2\/types\/page"}],"author":[{"embeddable":true,"href":"https:\/\/shotokai.com\/espanol\/wp-json\/wp\/v2\/users\/1"}],"replies":[{"embeddable":true,"href":"https:\/\/shotokai.com\/espanol\/wp-json\/wp\/v2\/comments?post=6523"}],"version-history":[{"count":1,"href":"https:\/\/shotokai.com\/espanol\/wp-json\/wp\/v2\/pages\/6523\/revisions"}],"predecessor-version":[{"id":6524,"href":"https:\/\/shotokai.com\/espanol\/wp-json\/wp\/v2\/pages\/6523\/revisions\/6524"}],"up":[{"embeddable":true,"href":"https:\/\/shotokai.com\/espanol\/wp-json\/wp\/v2\/pages\/6507"}],"wp:attachment":[{"href":"https:\/\/shotokai.com\/espanol\/wp-json\/wp\/v2\/media?parent=6523"}],"curies":[{"name":"wp","href":"https:\/\/api.w.org\/{rel}","templated":true}]}}