{"id":6529,"date":"2017-09-09T07:39:03","date_gmt":"2017-09-09T07:39:03","guid":{"rendered":"https:\/\/shotokai.com\/espanol\/?page_id=6529"},"modified":"2017-09-09T07:40:03","modified_gmt":"2017-09-09T07:40:03","slug":"glosario-shotokai-version-expandida-7","status":"publish","type":"page","link":"https:\/\/shotokai.com\/espanol\/glosario-shotokai\/glosario-shotokai-version-expandida-7\/","title":{"rendered":"GLOSARIO SHOTOKAI (versi\u00f3n expandida)"},"content":{"rendered":"<p><strong>O<\/strong><\/p>\n<p>OBI: Cintur\u00f3n.<\/p>\n<p>OI-ZUKI: Golpe de mano con misma pierna y mano adelantados.<\/p>\n<p>OKUDEN: Ense\u00f1anza secreta.<\/p>\n<p>OMOI: Ayudar con cari\u00f1o y desapego.<\/p>\n<p>ONEGAI SHIMASU: &#8220;Le agradezco que Ud. me entrene&#8221;. &#8220;Le hago un pedido&#8221;.<\/p>\n<p>OSU: Resistencia, saludo, afirmaci\u00f3n.<\/p>\n<p>OTAGAI-NI REI: Saludo mutuo.<\/p>\n<p>OTOSHI: Descendente.<\/p>\n<p>OTOSHI EMPI UCHI: Un golpe con el codo en descenso.<\/p>\n<p>R<\/p>\n<p>RANDORI: Combate.<\/p>\n<p>REI: &#8220;Respeto&#8221;. Saludo. Un m\u00e9todo para mostrar respeto en la cultura japonesa es el inclinarse. Es apropiado que el practicante de menor grado se incline m\u00e1s que el de mayor grado.<\/p>\n<p>REIGI: Etiqueta. El seguir los principios de etiqueta en todo momento es tambi\u00e9n una parte esencial del entrenamiento pues indica la sinceridad, la voluntad de aprender y el reconocimiento de los derechos e intereses de otros.<\/p>\n<p>RENSHI: &#8220;Una persona que tiene control de s\u00ed mismo&#8221;. Persona consicerada instructor experto.<\/p>\n<p>RENSHU: Entrenamiento (preparar o entrenar el cuerpo).<\/p>\n<p>RYU: Una escuela o m\u00e9todo espec\u00edfico, con una tradici\u00f3n, maestros y adherentes.<\/p>\n<p>S<\/p>\n<p>SAGI ASHI DACHI: Posici\u00f3n en una pierna (o GANKAKU DACHI o TSURU ASHI DACHI).<\/p>\n<p>SAI: Un arma Okinawense en la forma de la letra griega &#8216;psi&#8217;.<\/p>\n<p>SAMADHI: Concentraci\u00f3n total, perfecta.<\/p>\n<p>SANBON KUMITE: Combate de entrenamiento de tres pasos.<\/p>\n<p>SANSHO: El \u00e1rea del cuerpo a la izquierda de la quinta vertebra dorsal.<\/p>\n<p>SASHITE: Levantar la mano para golpear, tomar o bloquear.<\/p>\n<p>SATORI: Despertar a la verdad del cosmos.<\/p>\n<p>SEIKEN: Parte anterior del pu\u00f1o.<\/p>\n<p>SEIZA: Sentarse, arrodillarse.<\/p>\n<p>SEMPAI: Practicante de mayor grado.<\/p>\n<p>SENHO-WAZA: Mil t\u00e9cnicas.<\/p>\n<p>SEN SEN NO SEN: Ataque que se realiza antes del ataque del oponente. Ataque previsorio.<\/p>\n<p>SENSEI: Maestro. (Sen: antes de , Sei: vida).<\/p>\n<p>SESSHIN: Periodo de meditaci\u00f3n.<\/p>\n<p>SHI: Se\u00f1or, due\u00f1o, Daimyo.<\/p>\n<p>SHIAI: Combate.<\/p>\n<p>SHIATSU: (Shi: dedo, Atsu: presi\u00f3n) recurso de la medicina oriental que consiste en la presi\u00f3n y manipulaci\u00f3n de puntos y \u00e1reas sensibles en la superficie del cuerpo.<\/p>\n<p>SHIDOIN: Instructor reconocido formalmente que no es reconocido a\u00fan como un SENSEI. Instructor asistente.<\/p>\n<p>SHIHAN: T\u00edtulo formal. &#8220;Instructor maestro&#8221;. &#8220;Maestro de maestros&#8221;.<\/p>\n<p>SHIKI: Fen\u00f3menos, el mundo visible, valor.<\/p>\n<p>SHIME: Ahorcar.<\/p>\n<p>SHIN: esp\u00edritu-mente-inspiraci\u00f3n-viento-aliento-intuici\u00f3n-alma-acitud.<\/p>\n<p>SHINAI: Sable de bamb\u00fa.<\/p>\n<p>SHINOBI: Paciencia, perseverancia, resistir o resistencia, soportar a distancia, soportar las pruebas m\u00e1s dif\u00edciles.<\/p>\n<p>SHINTO: Religi\u00f3n de Jap\u00f3n que precedi\u00f3 y coincidi\u00f3 con el Budismo; La V\u00eda de Dios o los Dioses.<\/p>\n<p>SHINYA-GEIKO: Entrenamiento nocturno.<\/p>\n<p>SHI SEI: Forma o fuerza de la postura.<\/p>\n<p>SHIZEN: Naturaleza.<\/p>\n<p>SHIZEN-TAI: Posici\u00f3n natural. Cuerpo relajado pero alerta.<\/p>\n<p>SHO: Pino.<\/p>\n<p>SHOCHU GEIKO: Entrenamiento especial de verano.<\/p>\n<p>SHODAN: Primer dan.<\/p>\n<p>SHODO: La V\u00eda de la Caligraf\u00eda.<\/p>\n<p>SHOJIN: Primer periodo en el entrenamiento de un estudiante de las artes marciales.<\/p>\n<p>SHOMEN: Frente o parte superior de la cabeza. Tambi\u00e9n la parte designada como el frente de un DOJO.<\/p>\n<p>SHOSHIN O WASUREZU: &#8220;(En su entrenamiento) no olvides el esp\u00edritu y humildad de un principiante&#8221;.<\/p>\n<p>SHOTEI: Golpe con planta del pie, puede usarse tambi\u00e9n como bloqueo.<\/p>\n<p>SHOTO: Peque\u00f1o, corto, etc.<\/p>\n<p>SHUTO-UKE: Parada media hacia el exterior, bloqueo con mano de espada (o SHOTO UKE).<\/p>\n<p>SHUTO: Canto externo de la mano.<\/p>\n<p>SOKKO: Parte superior del pie.<\/p>\n<p>SOKUTO: Canto externo del pie.<\/p>\n<p>SOTO: Fuera.<\/p>\n<p>SOTO (UDE) UKE: Bloqueo con antebrazo hacia el exterior.<\/p>\n<p>SUKI: Oportunidad.<\/p>\n<p>SUTEMI: Sacrificio. Abandono del cuerpo.<\/p>\n<p>BIBLIOGRAF\u00cdA<\/p>\n<p>&#8211; Glosario del Cyberdojo Internet.<\/p>\n<p>&#8211; Glosario de Shotokai Finlandia<\/p>\n<p>&#8211; Glosario del libro &#8220;Karate, Estudio de T\u00e9cnicas Fundamentales&#8221;, Jos\u00e9 Rodr\u00edguez.<\/p>\n<p>&#8211; Boletines Shotokai de la rama.<\/p>\n<p>&#8211; Karate-do Kyohan. Gichin Funakoshi.<\/p>\n<p>&#8211; My Way of Life. Gichin Funakoshi.<\/p>\n<p>&#8211; Karate-do Nyumon. Gichin Funakoshi.<\/p>\n<p>&#8211; The Zen Way to the Martial Arts. Taisen Deshimaru.<\/p>\n<p>&#8211; Entrenamiento del Karate, Argimiro Gonz\u00e1lez.<\/p>\n<p>&#8211; Asesor\u00eda personal de Sensei Humberto Heyden.<\/p>\n<p>&#8211; Informaci\u00f3n personal recopilada por Gloria Medina.<\/p>\n<p>&nbsp;<\/p>\n","protected":false},"excerpt":{"rendered":"<p>O OBI: Cintur\u00f3n. OI-ZUKI: Golpe de mano con misma pierna y mano adelantados. OKUDEN: Ense\u00f1anza secreta. OMOI: Ayudar con cari\u00f1o y desapego. ONEGAI SHIMASU: &#8220;Le agradezco<span class=\"excerpt-hellip\"> [\u2026]<\/span><\/p>\n","protected":false},"author":1,"featured_media":0,"parent":6507,"menu_order":0,"comment_status":"closed","ping_status":"closed","template":"","meta":{"footnotes":""},"class_list":["post-6529","page","type-page","status-publish","hentry"],"_links":{"self":[{"href":"https:\/\/shotokai.com\/espanol\/wp-json\/wp\/v2\/pages\/6529","targetHints":{"allow":["GET"]}}],"collection":[{"href":"https:\/\/shotokai.com\/espanol\/wp-json\/wp\/v2\/pages"}],"about":[{"href":"https:\/\/shotokai.com\/espanol\/wp-json\/wp\/v2\/types\/page"}],"author":[{"embeddable":true,"href":"https:\/\/shotokai.com\/espanol\/wp-json\/wp\/v2\/users\/1"}],"replies":[{"embeddable":true,"href":"https:\/\/shotokai.com\/espanol\/wp-json\/wp\/v2\/comments?post=6529"}],"version-history":[{"count":1,"href":"https:\/\/shotokai.com\/espanol\/wp-json\/wp\/v2\/pages\/6529\/revisions"}],"predecessor-version":[{"id":6531,"href":"https:\/\/shotokai.com\/espanol\/wp-json\/wp\/v2\/pages\/6529\/revisions\/6531"}],"up":[{"embeddable":true,"href":"https:\/\/shotokai.com\/espanol\/wp-json\/wp\/v2\/pages\/6507"}],"wp:attachment":[{"href":"https:\/\/shotokai.com\/espanol\/wp-json\/wp\/v2\/media?parent=6529"}],"curies":[{"name":"wp","href":"https:\/\/api.w.org\/{rel}","templated":true}]}}