{"id":6673,"date":"2017-09-10T02:49:00","date_gmt":"2017-09-10T02:49:00","guid":{"rendered":"https:\/\/shotokai.com\/espanol\/?page_id=6673"},"modified":"2017-09-11T05:56:18","modified_gmt":"2017-09-11T05:56:18","slug":"el-metodo-de-la-paz","status":"publish","type":"page","link":"https:\/\/shotokai.com\/espanol\/el-metodo-de-la-paz\/","title":{"rendered":"El m\u00e9todo de la paz"},"content":{"rendered":"<p>[vc_row][vc_column width=&#8221;2\/3&#8243;][vc_column_text]<span style=\"font-size: small;\"><b>El m\u00e9todo de la paz<\/b><\/span><\/p>\n<p><span style=\"font-size: xx-small;\">Extra\u00eddo del libro:<br \/>\n<i>Histoire de Karat\u00e9-d\u00f4<br \/>\nEscrito por Kenji Tokitsu<br \/>\n<\/i><\/span><span style=\"font-family: Verdana, Arial, Helvetica, sans-serif, 'Courier New';\"><i><a href=\"http:\/\/www.tokitsu.com\/\">[Link al sitio oficial del Maestro Kenji Tokitsu]<\/a><\/i><\/span><i><\/i><span style=\"font-size: xx-small;\"><i><br \/>\nEditorial SEM, Paris<\/i><\/span><i>.<\/i><\/p>\n<p>Shigeru Egami defini\u00f3 el m\u00e9todo de la v\u00eda del karate que el sigue por el\u00a0<i>heiho<\/i>, m\u00e9todo de la paz.<\/p>\n<p>No hay un m\u00e9todo que permita hacer progresar a los adversarios m\u00fatuamente y de vivir mejor el uno y el otro. Se trata de un m\u00e9todo que ir\u00eda m\u00e1s all\u00e1 del budo. \u00bfNo es necesario buscar tal m\u00e9todo? La v\u00eda del karate nos propone un tema de b\u00fasqueda: c\u00f3mo vivir nuestra vida que no es m\u00e1s un instante con respecto a la eternidad? Cada instante irrisorio de nuestra vida est\u00e1 ligado a la vida eterna a trav\u00e9s de la v\u00eda. La v\u00eda del karate nos ense\u00f1a la vida real&#8230; El\u00a0<i>heiho<\/i>, el m\u00e9todo de la paz, forma parte de la tradici\u00f3n japonesa. Se trata de un m\u00e9todo para hacer vivir a los hombres y no para matar. Pienso que es alzando la calidad del karate hasta el\u00a0<i>heiho<\/i>\u00a0que llegar\u00e1 a ser un verdadero karate-do.[\/vc_column_text][\/vc_column][vc_column width=&#8221;1\/3&#8243;][vc_single_image image=&#8221;6983&#8243; img_size=&#8221;full&#8221;][\/vc_column][\/vc_row][vc_row][vc_column width=&#8221;2\/3&#8243;][vc_column_text]Shigeru Egami considera que este m\u00e9todo es un resultado de su b\u00fasqueda del karate, prolongando la ense\u00f1anza que recibi\u00f3 de Gichin Funakoshi. Pienso que se trata en efecto de un prolongamiento magn\u00edfico y de un desarrollo del karate tal como el primero lo concibi\u00f3. Sin embargo hay que reconocer que desde el punto de vista t\u00e9cnico la forma de karate que estableci\u00f3 Shigeru Egami es muy diferente de la que ense\u00f1\u00f3 Gichin Funakoshi. Compar\u00e1ndolas, estas dos formas aparecen tan diferentes que es dif\u00edcil pensar que una es el desarrollo de la otra si no tenemos un conocimiento previo de su relaci\u00f3n y evoluci\u00f3n. En efecto, las diferencias son sorprendentes en la posici\u00f3n<\/p>\n<p>del cuerpo para cada una de las t\u00e9cnicas, la cadencia y la amplitud de ejecuci\u00f3n t\u00e9cnica, la t\u00e9cnica del pu\u00f1etazo y de la patada.<\/p>\n<p>Desde el punto de vista t\u00e9cnico, creo que se debe considerar que se trata m\u00e1s de una creaci\u00f3n nueva sobre la base del karate de Gichin Funakoshi que de su desarrollo directo. As\u00ed es, Shigeru Egami reconstruy\u00f3 su karate inspir\u00e1ndose profundamente en el Shinwa-taido, fundado por Shoyo Inoue y en el aikido de Morihei Ueshiba.<\/p>\n<p>La idea del karate-do por el m\u00e9todo de la paz (<i>heiho<\/i>) reposa ampliamente en el pensamiento de estas dos disciplinas que inspiraron a Shigeru Egami una concepci\u00f3n de la eficacia que superaba la del karate de Okinawa ya que en el fondo de su investigaci\u00f3n encarnizada de la eficacia, Shigeru Egami hizo bascular completamente esta noci\u00f3n: partiendo de la b\u00fasqueda de la eficacia m\u00e1s inmediata en el arte del combate, se fija en la eficacia que permite sobrepasar el combate, lo que ha dado a su karate una dimensi\u00f3n m\u00edstica, casi religiosa.<\/p>\n<p>En este sentido el karate de Shigeru Egami no es un replanteamiento, ni un desarrollo directo del karate de Gichin Funakoshi a quien, sin embargo, considera como el Maestro del cual cree ser el sucesor.<\/p>\n<p><span style=\"font-family: Verdana, Arial, Helvetica, sans-serif, 'Courier New';\"><i>Traducido al espa\u00f1ol por Xavier M\u00ednguez, Shotokai de Espa\u00f1a<\/i><\/span>[\/vc_column_text][\/vc_column][vc_column width=&#8221;1\/3&#8243;][vc_single_image image=&#8221;6984&#8243; img_size=&#8221;full&#8221;][\/vc_column][\/vc_row]<\/p>\n","protected":false},"excerpt":{"rendered":"<p>[vc_row][vc_column width=&#8221;2\/3&#8243;][vc_column_text]El m\u00e9todo de la paz Extra\u00eddo del libro: Histoire de Karat\u00e9-d\u00f4 Escrito por Kenji Tokitsu [Link al sitio oficial del Maestro Kenji Tokitsu] Editorial SEM,<span class=\"excerpt-hellip\"> [\u2026]<\/span><\/p>\n","protected":false},"author":1,"featured_media":0,"parent":0,"menu_order":0,"comment_status":"closed","ping_status":"closed","template":"","meta":{"footnotes":""},"class_list":["post-6673","page","type-page","status-publish","hentry"],"_links":{"self":[{"href":"https:\/\/shotokai.com\/espanol\/wp-json\/wp\/v2\/pages\/6673","targetHints":{"allow":["GET"]}}],"collection":[{"href":"https:\/\/shotokai.com\/espanol\/wp-json\/wp\/v2\/pages"}],"about":[{"href":"https:\/\/shotokai.com\/espanol\/wp-json\/wp\/v2\/types\/page"}],"author":[{"embeddable":true,"href":"https:\/\/shotokai.com\/espanol\/wp-json\/wp\/v2\/users\/1"}],"replies":[{"embeddable":true,"href":"https:\/\/shotokai.com\/espanol\/wp-json\/wp\/v2\/comments?post=6673"}],"version-history":[{"count":3,"href":"https:\/\/shotokai.com\/espanol\/wp-json\/wp\/v2\/pages\/6673\/revisions"}],"predecessor-version":[{"id":6985,"href":"https:\/\/shotokai.com\/espanol\/wp-json\/wp\/v2\/pages\/6673\/revisions\/6985"}],"wp:attachment":[{"href":"https:\/\/shotokai.com\/espanol\/wp-json\/wp\/v2\/media?parent=6673"}],"curies":[{"name":"wp","href":"https:\/\/api.w.org\/{rel}","templated":true}]}}