{"id":6681,"date":"2017-09-10T03:02:10","date_gmt":"2017-09-10T03:02:10","guid":{"rendered":"https:\/\/shotokai.com\/espanol\/?page_id=6681"},"modified":"2017-09-12T08:24:23","modified_gmt":"2017-09-12T08:24:23","slug":"kokutsu-dachi-posicion-atrasada","status":"publish","type":"page","link":"https:\/\/shotokai.com\/espanol\/kokutsu-dachi-posicion-atrasada\/","title":{"rendered":"KOKUTSU-DACHI (POSICION ATRASADA)"},"content":{"rendered":"<p>[vc_row][vc_column width=&#8221;1\/3&#8243;][vc_single_image image=&#8221;7008&#8243; img_size=&#8221;full&#8221;][\/vc_column][vc_column width=&#8221;1\/3&#8243;][vc_single_image image=&#8221;7007&#8243; img_size=&#8221;full&#8221;][\/vc_column][vc_column width=&#8221;1\/3&#8243;][vc_single_image image=&#8221;7009&#8243; img_size=&#8221;full&#8221;][\/vc_column][\/vc_row][vc_row][vc_column][vc_column_text]Es una posici\u00f3n principalmente defensiva si se considera la distribuci\u00f3n del peso. En ella el 70% del peso corporal est\u00e1 apoyado sobre la pierna atrasada, el 30% restante sobre la pierna adelantada. Los pies est\u00e1n en \u00e1ngulo recto el uno respecto al otro. Los talones est\u00e1n alineados. La columna vertebral va recta, perpendicular al suelo. Hay que tener mucho cuidado de no sacar los gl\u00fateos ni dejar caer el cuerpo superior en una u otra direcci\u00f3n. Si faltara flexibilidad a nivel del tobillo se har\u00e1 dif\u00edcil flectar la pierna atrasada y esto normalmente resultar\u00e1 en que se asomen los gl\u00fateos o que el pie atrasado se gire apuntando hacia atr\u00e1s. La pierna atrasada se flecta perpendicular al cuerpo. El pie adelantado est\u00e1 suavemente posado sobre el suelo sobre los dedos y no el tal\u00f3n. La pierna de atr\u00e1s es el centro de gravedad. El cuerpo y la cadera van en posici\u00f3n\u00a0<i>hanmi<\/i>, o sea de semicostado, 45 grados con respecto a la l\u00ednea formada por los talones.<\/p>\n<p>la distancia entre los pies debe ser la misma que en zenkutsu-dachi, por lo tanto 60% de la altura del practicante.<\/p>\n<p>Al avanzar nunca se debe caer sobre los talones. El avance es en l\u00ednea al igual que el avance en\u00a0<a href=\"https:\/\/shotokai.com\/espanol\/enkutsu-dachi-posicion-adelantada\/\">zenkutsu-dachi<\/a>, no deben existir movimientos par\u00e1sitos perpendiculares a la l\u00ednea de movimiento.[\/vc_column_text][\/vc_column][\/vc_row][vc_row][vc_column width=&#8221;2\/3&#8243;][vc_column_text]<\/p>\n<h2>BLOQUEOS EN KOKUTSU-DACHI<\/h2>\n<p>SHUTO-UKE (BLOQUEO CON EL CANTO)<\/p>\n<p><center><\/center><br \/>\nEs una de las t\u00e9cnicas que m\u00e1s se practica en los katas, su recorrido hacia el exterior es ligeramente descendente y al finalizar el mismo, el brazo forma con el antebrazo un \u00e1ngulo de noventa grados, la punta de la mano se sit\u00faa a la altura del hombro. La mano que act\u00faa de hikite (la que retrocede) se sit\u00faa en el plexo solar, abierta, y debe ayudar a situar el torso de perfil, a la vez que a tomar- conciencia de unir los omoplatos para tensar el pecho y dar firmeza a la parada.<\/p>\n<p>La exacta alineaci\u00f3n del codo y brazo, el tronco firme y erguido y el pecho tenso y de perfil, son condiciones b\u00e1sicas para un shuto-uke efectivo.<\/p>\n<p>SHUTO-BARAI (BLOQUEO A ZONA ALTA)[\/vc_column_text][\/vc_column][vc_column width=&#8221;1\/3&#8243;][vc_single_image image=&#8221;7010&#8243; img_size=&#8221;full&#8221;][\/vc_column][\/vc_row][vc_row][vc_column width=&#8221;2\/3&#8243;][vc_column_text]SHUTO-BARAI (BLOQUEO A ZONA ALTA)<\/p>\n<p><center><\/center><br \/>\nBloqueo ante ataque a zona media y alta con la mano de espada. Su recorrido se inicia, al igual que el ude-uke, en la zona de cadera contrario, con la mano abierta se barre en forma ascendente y hacia el exterior, termin\u00e1ndose con el brazo en un \u00e1ngulo de 90 grados o m\u00e1s, donde el codo est\u00e1 a la altura del hombro. La mano contraria se sit\u00faa en la cadera correspondiente, empu\u00f1ada.[\/vc_column_text][\/vc_column][vc_column width=&#8221;1\/3&#8243;][vc_single_image image=&#8221;7011&#8243; img_size=&#8221;full&#8221;][\/vc_column][\/vc_row]<\/p>\n","protected":false},"excerpt":{"rendered":"<p>[vc_row][vc_column width=&#8221;1\/3&#8243;][vc_single_image image=&#8221;7008&#8243; img_size=&#8221;full&#8221;][\/vc_column][vc_column width=&#8221;1\/3&#8243;][vc_single_image image=&#8221;7007&#8243; img_size=&#8221;full&#8221;][\/vc_column][vc_column width=&#8221;1\/3&#8243;][vc_single_image image=&#8221;7009&#8243; img_size=&#8221;full&#8221;][\/vc_column][\/vc_row][vc_row][vc_column][vc_column_text]Es una posici\u00f3n principalmente defensiva si se considera la distribuci\u00f3n del peso. En ella el 70% del<span class=\"excerpt-hellip\"> [\u2026]<\/span><\/p>\n","protected":false},"author":1,"featured_media":0,"parent":0,"menu_order":0,"comment_status":"closed","ping_status":"closed","template":"","meta":{"footnotes":""},"class_list":["post-6681","page","type-page","status-publish","hentry"],"_links":{"self":[{"href":"https:\/\/shotokai.com\/espanol\/wp-json\/wp\/v2\/pages\/6681","targetHints":{"allow":["GET"]}}],"collection":[{"href":"https:\/\/shotokai.com\/espanol\/wp-json\/wp\/v2\/pages"}],"about":[{"href":"https:\/\/shotokai.com\/espanol\/wp-json\/wp\/v2\/types\/page"}],"author":[{"embeddable":true,"href":"https:\/\/shotokai.com\/espanol\/wp-json\/wp\/v2\/users\/1"}],"replies":[{"embeddable":true,"href":"https:\/\/shotokai.com\/espanol\/wp-json\/wp\/v2\/comments?post=6681"}],"version-history":[{"count":4,"href":"https:\/\/shotokai.com\/espanol\/wp-json\/wp\/v2\/pages\/6681\/revisions"}],"predecessor-version":[{"id":7201,"href":"https:\/\/shotokai.com\/espanol\/wp-json\/wp\/v2\/pages\/6681\/revisions\/7201"}],"wp:attachment":[{"href":"https:\/\/shotokai.com\/espanol\/wp-json\/wp\/v2\/media?parent=6681"}],"curies":[{"name":"wp","href":"https:\/\/api.w.org\/{rel}","templated":true}]}}