{"id":6698,"date":"2017-09-10T03:27:09","date_gmt":"2017-09-10T03:27:09","guid":{"rendered":"https:\/\/shotokai.com\/espanol\/?page_id=6698"},"modified":"2017-09-15T05:35:25","modified_gmt":"2017-09-15T05:35:25","slug":"shotokai-y-el-maestro-shigeru-egami","status":"publish","type":"page","link":"https:\/\/shotokai.com\/espanol\/shotokai-y-el-maestro-shigeru-egami\/","title":{"rendered":"Shotokai y el Maestro Shigeru Egami"},"content":{"rendered":"<p>[vc_row][vc_column width=&#8221;2\/3&#8243;][vc_column_text]<\/p>\n<h1>Shotokai y el Maestro Shigeru Egami<\/h1>\n<p>&nbsp;<\/p>\n<p>Nacido en 1912,\u00a0<a href=\"https:\/\/shotokai.com\/espanol\/shigeru-egami-el-sucesor-de-gichin-funakoshi\/\">Shigeru Egami<\/a>\u00a0entr\u00f3 a la Universidad de Waseda en 1932. Ah\u00ed descubri\u00f3 el Karate-do gracias a\u00a0<a href=\"https:\/\/shotokai.com\/espanol\/maestro-genshin-hironishi-ltimo-gran-maestro-de-la-poca-de-oro\/\">Gichin Funakoshi<\/a>\u00a0del cual se transforma en su principal alumno. En 1935 los alumnos del Maestro Funakoshi establecen una asociaci\u00f3n destinada a ayudar materialmente a su profesor; recibe el nombre de Shotokai (Shoto= pseud\u00f3nimo de Gichin Funakoshi; Kai=asociaci\u00f3n). Despu\u00e9s de la Segunda Guerra Mundial Shigeru Egami es el asistente jefe del Maestro Funakoshi. Luego de su muerte en 1958 la presidencia de Shotokai pasa a manos de\u00a0<a href=\"https:\/\/shotokai.com\/espanol\/maestro-genshin-hironishi-ltimo-gran-maestro-de-la-poca-de-oro\/\">Genshin Hironishi<\/a>\u00a0y Shigeru Egami toma el cargo de instructor jefe, todo esto con la completa autorizaci\u00f3n de la familia Funakoshi. Desde 1958 hasta 1967 el Maestro Egami realiza serias e importantes investigaciones acerca de la pr\u00e1ctica de Karate-do. Se le considera el heredero y depositario del Karate-do del Maestro Gichin Funakoshi e intenta profundizar en las ense\u00f1anzas de su Maestro.[\/vc_column_text][\/vc_column][vc_column width=&#8221;1\/3&#8243;][vc_single_image image=&#8221;7037&#8243; img_size=&#8221;full&#8221;][\/vc_column][\/vc_row][vc_row][vc_column][vc_column_text]Estaba convencido que la evoluci\u00f3n del Karate &#8220;Shotokan&#8221; JKA se alejaba enormemente de las ense\u00f1anzas del Maestro Funakoshi. Por ejemplo, el oi-tsuki de Gichin Funakoshi era ejecutado en descontracci\u00f3n. Muchos de sus alumnos cre\u00edan que era debido a su edad ya muy avanzada. En efecto esta caracter\u00edstica era primordial. y fundamental. El Maestro Egami nunca acept\u00f3 la competici\u00f3n, lo cual consideraba una contradicci\u00f3n del esp\u00edritu de Karate-do y que luego lleva a la evoluci\u00f3n de la pr\u00e1ctica hacia un trabajo de fuerza y contracci\u00f3n.\u00a0<i>&#8220;Si el cuerpo es el l\u00edmite, el esp\u00edritu puede llegar m\u00e1s lejos&#8221;<\/i>. Esta frase en si misma resume el pensamiento del Maestro Egami que en su pr\u00e1ctica introdujo posiciones baj\u00edsimas y donde la descontracci\u00f3n deb\u00eda ser total donde deb\u00eda actuar naturalmente con el fin de lograr una amplificaci\u00f3n de la t\u00e9cnica. Al contrario mientras m\u00e1s contracci\u00f3n haya menor es la amplitud del movimiento. Las formas de Kata (los esquemas son casi iguales al los de la JKA) son llevados al extremo y encadenados de manera muy fluida, sin interrupci\u00f3n. En Ippon Kumite el maestro Egami establece la idea de nunca retroceder, insistiendo enormemente sobre la noci\u00f3n del sen-no-sen, la anticipaci\u00f3n del ataque del adversario. Esto se resume en la noci\u00f3n de &#8220;irimi&#8221;, literalmente &#8220;entrar&#8221;. Respetando las ideas de Gichin Funakoshi pues Karate no es un juego, el Maestro Egami rehusa la idea misma de competici\u00f3n deportiva. Su idea fundamental (al igual que el Aikido) es que Kumite (convencional o libre) es una b\u00fasqueda de la armon\u00eda entre los compa\u00f1eros y no la b\u00fasqueda ego\u00edsta motivada por el deseo de vencer al adversario.[\/vc_column_text][\/vc_column][\/vc_row]<\/p>\n","protected":false},"excerpt":{"rendered":"<p>[vc_row][vc_column width=&#8221;2\/3&#8243;][vc_column_text] Shotokai y el Maestro Shigeru Egami &nbsp; Nacido en 1912,\u00a0Shigeru Egami\u00a0entr\u00f3 a la Universidad de Waseda en 1932. Ah\u00ed descubri\u00f3 el Karate-do gracias a\u00a0Gichin<span class=\"excerpt-hellip\"> [\u2026]<\/span><\/p>\n","protected":false},"author":1,"featured_media":0,"parent":0,"menu_order":0,"comment_status":"closed","ping_status":"closed","template":"","meta":{"footnotes":""},"class_list":["post-6698","page","type-page","status-publish","hentry"],"_links":{"self":[{"href":"https:\/\/shotokai.com\/espanol\/wp-json\/wp\/v2\/pages\/6698","targetHints":{"allow":["GET"]}}],"collection":[{"href":"https:\/\/shotokai.com\/espanol\/wp-json\/wp\/v2\/pages"}],"about":[{"href":"https:\/\/shotokai.com\/espanol\/wp-json\/wp\/v2\/types\/page"}],"author":[{"embeddable":true,"href":"https:\/\/shotokai.com\/espanol\/wp-json\/wp\/v2\/users\/1"}],"replies":[{"embeddable":true,"href":"https:\/\/shotokai.com\/espanol\/wp-json\/wp\/v2\/comments?post=6698"}],"version-history":[{"count":4,"href":"https:\/\/shotokai.com\/espanol\/wp-json\/wp\/v2\/pages\/6698\/revisions"}],"predecessor-version":[{"id":7331,"href":"https:\/\/shotokai.com\/espanol\/wp-json\/wp\/v2\/pages\/6698\/revisions\/7331"}],"wp:attachment":[{"href":"https:\/\/shotokai.com\/espanol\/wp-json\/wp\/v2\/media?parent=6698"}],"curies":[{"name":"wp","href":"https:\/\/api.w.org\/{rel}","templated":true}]}}