{"id":6719,"date":"2017-09-10T03:49:38","date_gmt":"2017-09-10T03:49:38","guid":{"rendered":"https:\/\/shotokai.com\/espanol\/?page_id=6719"},"modified":"2017-09-15T07:16:25","modified_gmt":"2017-09-15T07:16:25","slug":"pero-karate-no-es-para-pelear","status":"publish","type":"page","link":"https:\/\/shotokai.com\/espanol\/pero-karate-no-es-para-pelear\/","title":{"rendered":"\u00bfPero Karate-do no es para pelear?"},"content":{"rendered":"<p>[vc_row][vc_column][vc_column_text]Shotokai Karate-do, CHILE<\/p>\n<p>\u00bfPero Karate-do no es para pelear?<\/p>\n<p>Esta es, desgraciadamente, la imagen que los medios de comunicaci\u00f3n y &#8220;maestros&#8221; inescrupulosos han extendido por el mundo.<br \/>\nDesde su origen el Karate-do siempre ha sido un arte para el desarrollo personal y secundariamente un m\u00e9todo de defensa. O-sensei (el creador de Karate-do) dec\u00eda e insist\u00eda &#8220;No existe primer ataque en Karate-do&#8221; Karate-do ni sente nashi.<\/p>\n<p>Inscripci\u00f3n en la tumba de Gichin Funakoshi Sensei[\/vc_column_text][\/vc_column][\/vc_row][vc_row][vc_column][vc_single_image image=&#8221;7066&#8243; img_size=&#8221;full&#8221;][\/vc_column][\/vc_row]<\/p>\n","protected":false},"excerpt":{"rendered":"<p>[vc_row][vc_column][vc_column_text]Shotokai Karate-do, CHILE \u00bfPero Karate-do no es para pelear? Esta es, desgraciadamente, la imagen que los medios de comunicaci\u00f3n y &#8220;maestros&#8221; inescrupulosos han extendido por el<span class=\"excerpt-hellip\"> [\u2026]<\/span><\/p>\n","protected":false},"author":1,"featured_media":0,"parent":0,"menu_order":0,"comment_status":"closed","ping_status":"closed","template":"","meta":{"footnotes":""},"class_list":["post-6719","page","type-page","status-publish","hentry"],"_links":{"self":[{"href":"https:\/\/shotokai.com\/espanol\/wp-json\/wp\/v2\/pages\/6719","targetHints":{"allow":["GET"]}}],"collection":[{"href":"https:\/\/shotokai.com\/espanol\/wp-json\/wp\/v2\/pages"}],"about":[{"href":"https:\/\/shotokai.com\/espanol\/wp-json\/wp\/v2\/types\/page"}],"author":[{"embeddable":true,"href":"https:\/\/shotokai.com\/espanol\/wp-json\/wp\/v2\/users\/1"}],"replies":[{"embeddable":true,"href":"https:\/\/shotokai.com\/espanol\/wp-json\/wp\/v2\/comments?post=6719"}],"version-history":[{"count":3,"href":"https:\/\/shotokai.com\/espanol\/wp-json\/wp\/v2\/pages\/6719\/revisions"}],"predecessor-version":[{"id":7067,"href":"https:\/\/shotokai.com\/espanol\/wp-json\/wp\/v2\/pages\/6719\/revisions\/7067"}],"wp:attachment":[{"href":"https:\/\/shotokai.com\/espanol\/wp-json\/wp\/v2\/media?parent=6719"}],"curies":[{"name":"wp","href":"https:\/\/api.w.org\/{rel}","templated":true}]}}