{"id":6800,"date":"2017-09-10T06:04:52","date_gmt":"2017-09-10T06:04:52","guid":{"rendered":"https:\/\/shotokai.com\/espanol\/?page_id=6800"},"modified":"2017-10-04T08:25:51","modified_gmt":"2017-10-04T08:25:51","slug":"yasutsune-ankoh-itosu","status":"publish","type":"page","link":"https:\/\/shotokai.com\/espanol\/yasutsune-ankoh-itosu\/","title":{"rendered":"Yasutsune (Ankoh) Itosu"},"content":{"rendered":"<p>[vc_row][vc_column width=&#8221;2\/3&#8243;][vc_column_text]Yasutsune (Ankoh) Itosu<br \/>\n(1830-1915)<\/p>\n<p>Nacido en la ciudad de Shuri, Okinawa. A los 16 a\u00f1os de edad comenz\u00f3 su pr\u00e1ctica de Karate con Sokon &#8220;Bushi&#8221; Matsumura.<\/p>\n<p>Era gran amigo del uchi deshi de Matsumura, Yasutsune (Ankoh) Azato y fue adem\u00e1s alumno de Shimpan Gusukuma y de Yasuri, uchi-deshi de Iwah.<\/p>\n<p>Es famoso por haber sido instrumental en la inclusion de karate en el curriculum de las escuelas p\u00fablicas de Okinawa. Para facilitar el proceso de ense\u00f1anza Itosu desarroll\u00f3 los kata Pinan bas\u00e1ndose en los kata superiores de kushanku, passai, chinto y jion.<\/p>\n<p>Sus haza\u00f1as son a menudo citadas como muestras de la avnazada t\u00e9cnica que pose\u00eda. Gichin Funakoshi hace referencia a su fuerza, su resistencia ante golpes y su fuerza de agarre incre\u00edble.<\/p>\n<p>El maestro Funakoshi nos cuenta que ni su amigo Azato ni \u00e9l, Itosu, se jactaban de sus &#8220;heroicas&#8221; haza\u00f1as en karate, dec\u00edan que tales &#8220;actos locos&#8221; eran atribuibles a su juventud.<\/p>\n<p>Lo cierto es que fue un maestro que le ense\u00f1\u00f3 karate a una serie de importantes alumnos, de ellos surgieron numerosos estilos de karate, aunque nunca fue su intenci\u00f3n que eso sucediera.<\/p>\n<p>Uno de los alumnos m\u00e1s famosos fue Gichin Funakoshi, quien siempre lo record\u00f3 toda su vida por el gran ejemplo y las ense\u00f1anzas que recibi\u00f3 de \u00e9l.[\/vc_column_text][\/vc_column][vc_column width=&#8221;1\/3&#8243;][vc_single_image image=&#8221;8193&#8243; img_size=&#8221;full&#8221;][\/vc_column][\/vc_row]<\/p>\n","protected":false},"excerpt":{"rendered":"<p>[vc_row][vc_column width=&#8221;2\/3&#8243;][vc_column_text]Yasutsune (Ankoh) Itosu (1830-1915) Nacido en la ciudad de Shuri, Okinawa. A los 16 a\u00f1os de edad comenz\u00f3 su pr\u00e1ctica de Karate con Sokon &#8220;Bushi&#8221;<span class=\"excerpt-hellip\"> [\u2026]<\/span><\/p>\n","protected":false},"author":1,"featured_media":0,"parent":0,"menu_order":0,"comment_status":"closed","ping_status":"closed","template":"","meta":{"footnotes":""},"class_list":["post-6800","page","type-page","status-publish","hentry"],"_links":{"self":[{"href":"https:\/\/shotokai.com\/espanol\/wp-json\/wp\/v2\/pages\/6800","targetHints":{"allow":["GET"]}}],"collection":[{"href":"https:\/\/shotokai.com\/espanol\/wp-json\/wp\/v2\/pages"}],"about":[{"href":"https:\/\/shotokai.com\/espanol\/wp-json\/wp\/v2\/types\/page"}],"author":[{"embeddable":true,"href":"https:\/\/shotokai.com\/espanol\/wp-json\/wp\/v2\/users\/1"}],"replies":[{"embeddable":true,"href":"https:\/\/shotokai.com\/espanol\/wp-json\/wp\/v2\/comments?post=6800"}],"version-history":[{"count":3,"href":"https:\/\/shotokai.com\/espanol\/wp-json\/wp\/v2\/pages\/6800\/revisions"}],"predecessor-version":[{"id":8194,"href":"https:\/\/shotokai.com\/espanol\/wp-json\/wp\/v2\/pages\/6800\/revisions\/8194"}],"wp:attachment":[{"href":"https:\/\/shotokai.com\/espanol\/wp-json\/wp\/v2\/media?parent=6800"}],"curies":[{"name":"wp","href":"https:\/\/api.w.org\/{rel}","templated":true}]}}