{"id":6874,"date":"2017-09-10T14:41:49","date_gmt":"2017-09-10T14:41:49","guid":{"rendered":"https:\/\/shotokai.com\/espanol\/?page_id=6874"},"modified":"2017-09-19T07:13:34","modified_gmt":"2017-09-19T07:13:34","slug":"judo-historia-y-descripcion","status":"publish","type":"page","link":"https:\/\/shotokai.com\/espanol\/judo-historia-y-descripcion\/","title":{"rendered":"Judo historia y descripcion"},"content":{"rendered":"<p>[vc_row][vc_column width=&#8221;2\/3&#8243;][vc_column_text]Arte Marcial de origen japon\u00e9s, deriva del Jujutsu. Fue creado por el Profesor Jigoro Kano (1860-1938), quien dedic\u00f3 su vida a promoverlo. Adquiriendo maestr\u00eda en variados estilos de Jujutsu durante su juventud, comenz\u00f3 a desarrollar su propio estilo basado en principios deportivos modernos. En 1882 funda el Instituto de Judo Kodokan en Tokio, donde comienza a ense\u00f1ar y que a\u00fan hoy es la autoridad internacional del arte. El nombre Judo fue escogido pues significa &#8220;la V\u00eda Gentil (delicada)&#8221;. Kano enfatizaba el valor preponderante del entrenamiento en el ataque y en la defensa para que pudiere ser un camino o forma de vida de la que toda persona pudiese participar y beneficiarse. Elimin\u00f3 algunas t\u00e9cnicas tradicionales de jujutsu y cambi\u00f3 los m\u00e9todos de ense\u00f1anza y entrenamiento de tal manera que la mayor\u00eda de las t\u00e9cnicas pudieren realizarse con toda fuerza, llegando a una victoria decisiva sin necesidad de lesiones.<\/p>\n<p>La popularidad del Judo aument\u00f3 dram\u00e1ticamente luego de una competencia famosa auspiciada por la Polic\u00eda de Tokio en 1886, donde el equipo de Judo venci\u00f3 a la escuela m\u00e1s conocida de Jujutsu en ese momento. Luego se hizo parte del sistema de educaci\u00f3n f\u00edsica japon\u00e9s y comenz\u00f3 su expansi\u00f3n a nivel mundial. En 1964 Judo masculino pas\u00f3 a formar parte de las Olimpiadas. En 1992 Judo femenino fue incluido en las Olimpiadas tambi\u00e9n.[\/vc_column_text][\/vc_column][vc_column width=&#8221;1\/3&#8243;][vc_single_image image=&#8221;7688&#8243; img_size=&#8221;full&#8221;][\/vc_column][\/vc_row][vc_row][vc_column width=&#8221;2\/3&#8243;][vc_column_text]<\/p>\n<h3>DESCRIPCI\u00d3N<\/h3>\n<p>&nbsp;<\/p>\n<p class=\"normal\">Judo se practica sobre colchonetas y consiste principalmente de lances (nage-waza) y lucha mano a mano (katame-waza), que incluye t\u00e9cnicas de inmovilizaci\u00f3n (osaekomi-waza), ahorcamientos (shime-waza) y palancas (kansetsu-waza). T\u00e9cnicas adicionales, incluyendo golpes (atemi-waza) e inmovilizaciones de articulaciones, se encuentran en los kata de Judo. Judo a menudo se compara con la lucha pero mantiene sus formas \u00fanicas de combate. Como derivado del Jujutsu, estas t\u00e9cnicas son a menudo tambi\u00e9n ense\u00f1adas en las clases de Judo.<\/p>\n<p>Ya que el fundador estaba involucrado en la educaci\u00f3n (Presidente de la Universidad de Tokio), el entrenamiento de Judo, enfatiza el desarrollo mental, moral y de car\u00e1cter tanto como el entrenamiento f\u00edsico. La mayor\u00eda de los instructores pone \u00e9nfasis en lo principios de Judo tales como el de ceder para superar fuerzas mayores o tama\u00f1os mayores, como adem\u00e1s, los principios cient\u00edficos de palancas, balance, eficiencia, momento y control.<\/p>\n<h3>ENTRENAMIENTO<\/h3>\n<p class=\"normal\">Tiene muchas distintas formas para diferentes intereses. Algunos estudiantes entrenan para competencias, combatiendo y entrando a los muchos campeonatos que existen. Otros estudian las formas tradicionales del arte y las formas (kata) de Judo. Otros estudian para la defensa personal y otros para entretenerse. Cinturones negros se supone deben estudiar todos estos aspectos del Judo.<\/p>\n<h3>SUBESTILOS<\/h3>\n<p class=\"normal\">Ya que Judo se origin\u00f3 en los tiempos modernos, est\u00e1 organizado como los otros deportes mayores, con una organizaci\u00f3n internacional gobernante, la Federaci\u00f3n Internacional de Judo (IJF) y una autoridad t\u00e9cnica (Kodokan). Hay varios grupos menores separados, tales como la Asociaci\u00f3n Judo Zen, que enfatizan el Judo como un &#8220;do&#8221;, o v\u00eda y no como deporte.<\/p>\n<p>A diferencia de otros estilos de artes marciales, el Judo tiene reglas de competici\u00f3n, m\u00e9todos de entrenamiento y sistema de rangos que son relativamente uniformes a nivel mundial.<\/p>\n<p>[\/vc_column_text][\/vc_column][vc_column width=&#8221;1\/3&#8243;][vc_single_image image=&#8221;7689&#8243; img_size=&#8221;full&#8221;][\/vc_column][\/vc_row]<\/p>\n","protected":false},"excerpt":{"rendered":"<p>[vc_row][vc_column width=&#8221;2\/3&#8243;][vc_column_text]Arte Marcial de origen japon\u00e9s, deriva del Jujutsu. Fue creado por el Profesor Jigoro Kano (1860-1938), quien dedic\u00f3 su vida a promoverlo. Adquiriendo maestr\u00eda en<span class=\"excerpt-hellip\"> [\u2026]<\/span><\/p>\n","protected":false},"author":1,"featured_media":0,"parent":0,"menu_order":0,"comment_status":"closed","ping_status":"closed","template":"","meta":{"footnotes":""},"class_list":["post-6874","page","type-page","status-publish","hentry"],"_links":{"self":[{"href":"https:\/\/shotokai.com\/espanol\/wp-json\/wp\/v2\/pages\/6874","targetHints":{"allow":["GET"]}}],"collection":[{"href":"https:\/\/shotokai.com\/espanol\/wp-json\/wp\/v2\/pages"}],"about":[{"href":"https:\/\/shotokai.com\/espanol\/wp-json\/wp\/v2\/types\/page"}],"author":[{"embeddable":true,"href":"https:\/\/shotokai.com\/espanol\/wp-json\/wp\/v2\/users\/1"}],"replies":[{"embeddable":true,"href":"https:\/\/shotokai.com\/espanol\/wp-json\/wp\/v2\/comments?post=6874"}],"version-history":[{"count":3,"href":"https:\/\/shotokai.com\/espanol\/wp-json\/wp\/v2\/pages\/6874\/revisions"}],"predecessor-version":[{"id":7690,"href":"https:\/\/shotokai.com\/espanol\/wp-json\/wp\/v2\/pages\/6874\/revisions\/7690"}],"wp:attachment":[{"href":"https:\/\/shotokai.com\/espanol\/wp-json\/wp\/v2\/media?parent=6874"}],"curies":[{"name":"wp","href":"https:\/\/api.w.org\/{rel}","templated":true}]}}