{"id":6896,"date":"2017-09-10T14:59:26","date_gmt":"2017-09-10T14:59:26","guid":{"rendered":"https:\/\/shotokai.com\/espanol\/?page_id=6896"},"modified":"2017-09-19T05:01:27","modified_gmt":"2017-09-19T05:01:27","slug":"palabras-sobre-el-kumite-en-karate-budo-maestro-shigeru-egami","status":"publish","type":"page","link":"https:\/\/shotokai.com\/espanol\/palabras-sobre-el-kumite-en-karate-budo-maestro-shigeru-egami\/","title":{"rendered":"Palabras sobre el Kumite en Karate Budo, Maestro Shigeru Egami"},"content":{"rendered":"<p>[vc_row][vc_column][vc_column_text]<\/p>\n<h1>COMENTARIOS SOBRE KARATE<\/h1>\n<h2><span style=\"color: #333366;\">Maestro Shigeru Egami<\/span><\/h2>\n<h3><span style=\"color: #0000ff;\">PALABRAS DEL MAESTRO SOBRE KUMITE<\/span><\/h3>\n<p><i>\u00a91997. Shotokai Karate-do. TODOS LOS DERECHOS RESERVADOS A MENOS QUE SE CITE LO CONTRARIO<\/i>[\/vc_column_text][\/vc_column][\/vc_row][vc_row][vc_column width=&#8221;2\/3&#8243;][vc_column_text]Kumite es el modo de pr\u00e1ctica que atrae de forma m\u00e1s directa, no s\u00f3lo a los principiantes, sino tambi\u00e9n a todos los que est\u00e1n interesados en el Karate. Todos quieren empezar a practicar Kumite tan pronto como les sea posible, siendo est\u00e1 la raz\u00f3n de que se practique las t\u00e9cnicas fundamentales (Kihon) asiduamente. En mi propio caso, no puedo olvidar el sentimien-to de alegr\u00eda que experimente cuando, por primera vez, me permitieron practicar Kumite.<\/p>\n<p>Algunos, cuando finalmente consiguen practicar Kumite, creen haber alcanzado los \u00faltimos niveles en la pr\u00e1ctica del arte; su felicidad no tiene limites, y esto es un gran error. Kumi-te es la persecuci\u00f3n del Karate como arte marcial hasta el final, incluso m\u00e1s all\u00e1, hasta trascender el combate. Entonces ser\u00e9is uno con vuestro oponente.<\/p>\n<p>Entre los antiguos se dec\u00eda que cuando uno se enfrenta a un oponente debe estar mentalmente preparado para morir. Esto es, en un estado en el que vida o muerte son irrelevantes. En este estado mental no existir\u00e1 antagonismo hacia el oponente, no habr\u00e1 ganador ni perdedor, ni sentimientos de miedo o de odio. Os enfrentareis al oponente con la mente clara. Pensar es in\u00fatil, simplemente hay que actuar. Por medio de la pr\u00e1ctica se entender\u00e1 esto de forma natural. Una mente relajada y flexible, y un cuerpo tambi\u00e9n flexible y de movimientos r\u00e1pidos son los mejores requisitos para un karateka. Para fomentarlos hay que practicar Kihon y Kata. Al dominarlos, ser\u00e9is capaces de lograr ritmo, sentido de la oportunidad, distancia, respiraci\u00f3n y flujo de la energ\u00eda vital.<\/p>\n<p>El problema de la mente es profundo. Su elevaci\u00f3n a un estado superior, el engrandecimiento y la purificaci\u00f3n de uno mismo, son las \u00faltimas cosas a conseguir por medio de la pr\u00e1ctica. Deb\u00e9is entrenar mente y cuerpo si no la pr\u00e1ctica no tiene sentido.<\/p>\n<p>En el siglo XVII el sacerdote, poeta y cal\u00edgrafo Rinzai Zen Bunan escribi\u00f3 un poema que dice:<\/p>\n<p><i><span style=\"color: #800000;\"><span style=\"font-size: xx-small;\">&#8220;En el estado de muerte pero todav\u00eda en vida, nuestras acciones son las mejores&#8221;<\/span><\/span><\/i><\/p>\n<p>Que entend\u00e1is esto plenamente y que lo llev\u00e9is a la pr\u00e1ctica es lo que espero de todos vosotros.<\/p>\n<p><center><\/center>\u00a0[\/vc_column_text][\/vc_column][vc_column width=&#8221;1\/3&#8243;][vc_single_image image=&#8221;7611&#8243; img_size=&#8221;full&#8221;][\/vc_column][\/vc_row]<\/p>\n","protected":false},"excerpt":{"rendered":"<p>[vc_row][vc_column][vc_column_text] COMENTARIOS SOBRE KARATE Maestro Shigeru Egami PALABRAS DEL MAESTRO SOBRE KUMITE \u00a91997. Shotokai Karate-do. TODOS LOS DERECHOS RESERVADOS A MENOS QUE SE CITE LO CONTRARIO[\/vc_column_text][\/vc_column][\/vc_row][vc_row][vc_column<span class=\"excerpt-hellip\"> [\u2026]<\/span><\/p>\n","protected":false},"author":1,"featured_media":0,"parent":0,"menu_order":0,"comment_status":"closed","ping_status":"closed","template":"","meta":{"footnotes":""},"class_list":["post-6896","page","type-page","status-publish","hentry"],"_links":{"self":[{"href":"https:\/\/shotokai.com\/espanol\/wp-json\/wp\/v2\/pages\/6896","targetHints":{"allow":["GET"]}}],"collection":[{"href":"https:\/\/shotokai.com\/espanol\/wp-json\/wp\/v2\/pages"}],"about":[{"href":"https:\/\/shotokai.com\/espanol\/wp-json\/wp\/v2\/types\/page"}],"author":[{"embeddable":true,"href":"https:\/\/shotokai.com\/espanol\/wp-json\/wp\/v2\/users\/1"}],"replies":[{"embeddable":true,"href":"https:\/\/shotokai.com\/espanol\/wp-json\/wp\/v2\/comments?post=6896"}],"version-history":[{"count":2,"href":"https:\/\/shotokai.com\/espanol\/wp-json\/wp\/v2\/pages\/6896\/revisions"}],"predecessor-version":[{"id":7612,"href":"https:\/\/shotokai.com\/espanol\/wp-json\/wp\/v2\/pages\/6896\/revisions\/7612"}],"wp:attachment":[{"href":"https:\/\/shotokai.com\/espanol\/wp-json\/wp\/v2\/media?parent=6896"}],"curies":[{"name":"wp","href":"https:\/\/api.w.org\/{rel}","templated":true}]}}