{"id":6911,"date":"2017-09-10T15:14:18","date_gmt":"2017-09-10T15:14:18","guid":{"rendered":"https:\/\/shotokai.com\/espanol\/?page_id=6911"},"modified":"2017-12-16T22:58:37","modified_gmt":"2017-12-16T22:58:37","slug":"descricin-del-karate-dobudo","status":"publish","type":"page","link":"https:\/\/shotokai.com\/espanol\/descricin-del-karate-dobudo\/","title":{"rendered":"\u00bfQu\u00e9 es Karate?"},"content":{"rendered":"<p>[vc_row][vc_column][vc_column_text]<\/p>\n<p>&nbsp;<\/p>\n<h3><span style=\"font-family: Verdana, Arial, Helvetica, sans-serif, 'Courier New';\">\u00bfQU\u00c9 ES KARATE?<\/span><\/h3>\n<p>[\/vc_column_text][\/vc_column][\/vc_row][vc_row][vc_column width=&#8221;1\/3&#8243;][vc_single_image image=&#8221;7462&#8243; img_size=&#8221;full&#8221;][\/vc_column][vc_column width=&#8221;2\/3&#8243;][vc_column_text]<span style=\"font-family: Verdana, Arial, Helvetica, sans-serif, 'Courier New';\">Karate-do es un arte marcial originado en Okinawa, modificado y transformado a una filosof\u00eda de vida por el\u00a0<a href=\"https:\/\/shotokai.com\/espanol\/master-gichin-funakoshi-creador-del-karate-2\/\">Maestro Funakoshi<\/a>, hasta antes de sus modificaciones era solamente un conjunto de t\u00e9cnicas que permit\u00edan defenderse, sin tener que recurrir a armas externas al cuerpo humano. Aunque existi\u00f3 amplia influencia de las artes marciales chinas, el desarrollo, aun as\u00ed, fue mayormente, y principalmente, okinawense y por ello japon\u00e9s. El Maestro Funakoshi, influenciado por las Artes Marciales tradicionales de las islas principales de Jap\u00f3n, por ejemplo,\u00a0<a href=\"https:\/\/shotokai.com\/espanol\/wp-content\/uploads\/2017\/09\/2-1.gif\">Kendo<\/a>, Judo,<a href=\"https:\/\/shotokai.com\/espanol\/wp-content\/uploads\/2017\/09\/3-1.gif\">\u00a0Kyudo<\/a>, modific\u00f3 el Karate, que por ser s\u00f3lo t\u00e9cnica podr\u00eda haberse denominado Karate-jitsu, un arte de lucha y enfatiz\u00f3 el arte desde el punto de vista filos\u00f3fico, donde se pod\u00eda llevar lo aprendido y extrapolarlo a la vida de cada practicante. Por ello Karate era una forma de vida: Karate-do (<a href=\"https:\/\/shotokai.com\/espanol\/wp-content\/uploads\/2017\/09\/4-1.gif\">do<\/a>, significa v\u00eda o camino). Gichin Funakoshi, entonces, combin\u00f3 las t\u00e9cnicas de Karate con el Budo tradicional (el camino marcial), poniendo as\u00ed la esencia del Budo dentro del Karate &#8212; un camino real de artes marciales.<\/span><\/p>\n<p><span style=\"font-family: Verdana, Arial, Helvetica, sans-serif, 'Courier New';\">Budo significa v\u00eda marcial y el ideograma de\u00a0<a href=\"https:\/\/shotokai.com\/espanol\/wp-content\/uploads\/2017\/09\/5-2.gif\">&#8220;bu&#8221;<\/a>\u00a0est\u00e1 formado por un s\u00edmbolo chino que significa parar dentro de otro s\u00edmbolo que representa dos armas (alabardas) cruzadas, dandose a entender que &#8220;bu&#8221; significa parar la lucha, detener el conflicto. En las palabras del maestro Funakoshi: &#8220;Ya que Karate es un budo, este significado debe ser considerado en gran detenci\u00f3n, y los pu\u00f1os no debieren ser usados desconsideradamente.&#8221;<\/span>[\/vc_column_text][\/vc_column][\/vc_row][vc_row][vc_column width=&#8221;2\/3&#8243;][vc_column_text]<span style=\"font-family: Verdana, Arial, Helvetica, sans-serif, 'Courier New';\">El nombre Karate est\u00e1 formado por dos ideogramas, uno\u00a0<a href=\"https:\/\/shotokai.com\/espanol\/wp-content\/uploads\/2017\/09\/6-1.gif\">Kara<\/a>\u00a0(vac\u00edo) y el otro\u00a0<a href=\"https:\/\/shotokai.com\/espanol\/wp-content\/uploads\/2017\/09\/7.gif\">Te<\/a>\u00a0(mano), el primero tiene varias connotaciones. La primera tiene relaci\u00f3n con el hecho de que a trav\u00e9s de su pr\u00e1ctica se aprenden t\u00e9cnicas de defensa que no necesitan armas, aparte de las manos, pies u otras partes del cuerpo. Segundo y en las palabras del Maestro Funakoshi:\u00a0<i>&#8220;de la misma manera que un espejo claro refleja sin distorsiones, o el tranquilo valle devuelve los sonidos, igualmente un estudiante de Karate-do debe liberarse de todo pensamiento ego\u00edsta y perverso, pues s\u00f3lo con una conciencia y mente limpia, podr\u00e1 \u00e9l, o ella, comprender aquello que recibe. Este es otro significado del elemento\u00a0<b>kara<\/b>\u00a0en Karate&#8221;<\/i>. Otra connotaci\u00f3n entregada por el maestro es el de humildad y suavidad hacia el exterior, estos implican un vac\u00edo interno de ego\u00edsmo, actuar gentil y moderado. Finalmente habla de que la forma elemental del Universo es el vac\u00edo (<i>kara<\/i>) y, por lo tanto, el vac\u00edo es en s\u00ed mismo, forma. La forma es vac\u00edo y el vac\u00edo es forma en s\u00ed mismo. Este es otro significado de\u00a0<i>kara.<\/i><\/span><\/p>\n<p><span style=\"font-family: Verdana, Arial, Helvetica, sans-serif, 'Courier New';\">Con lo anterior debe quedar en claro que Karate-do y\u00a0<a href=\"https:\/\/shotokai.com\/espanol\/wp-content\/uploads\/2017\/09\/9-1.gif\">Karate Budo<\/a>\u00a0son mucho m\u00e1s que una mera t\u00e9cnica de defensa, de hecho esa definici\u00f3n deja mucho que desear pues olvida lo esencial, el desarrollo de la interioridad y la busqueda de la perfecci\u00f3n del car\u00e1cter, a trav\u00e9s del riguroso entrenamiento de las artes marciales &#8220;do&#8221; o &#8220;budo&#8221;.<\/span>[\/vc_column_text][\/vc_column][vc_column width=&#8221;1\/3&#8243;][vc_single_image image=&#8221;7472&#8243; img_size=&#8221;full&#8221;][\/vc_column][\/vc_row]<\/p>\n","protected":false},"excerpt":{"rendered":"<p>[vc_row][vc_column][vc_column_text] &nbsp; \u00bfQU\u00c9 ES KARATE? [\/vc_column_text][\/vc_column][\/vc_row][vc_row][vc_column width=&#8221;1\/3&#8243;][vc_single_image image=&#8221;7462&#8243; img_size=&#8221;full&#8221;][\/vc_column][vc_column width=&#8221;2\/3&#8243;][vc_column_text]Karate-do es un arte marcial originado en Okinawa, modificado y transformado a una filosof\u00eda de vida por<span class=\"excerpt-hellip\"> [\u2026]<\/span><\/p>\n","protected":false},"author":1,"featured_media":0,"parent":0,"menu_order":0,"comment_status":"closed","ping_status":"closed","template":"","meta":{"footnotes":""},"class_list":["post-6911","page","type-page","status-publish","hentry"],"_links":{"self":[{"href":"https:\/\/shotokai.com\/espanol\/wp-json\/wp\/v2\/pages\/6911","targetHints":{"allow":["GET"]}}],"collection":[{"href":"https:\/\/shotokai.com\/espanol\/wp-json\/wp\/v2\/pages"}],"about":[{"href":"https:\/\/shotokai.com\/espanol\/wp-json\/wp\/v2\/types\/page"}],"author":[{"embeddable":true,"href":"https:\/\/shotokai.com\/espanol\/wp-json\/wp\/v2\/users\/1"}],"replies":[{"embeddable":true,"href":"https:\/\/shotokai.com\/espanol\/wp-json\/wp\/v2\/comments?post=6911"}],"version-history":[{"count":5,"href":"https:\/\/shotokai.com\/espanol\/wp-json\/wp\/v2\/pages\/6911\/revisions"}],"predecessor-version":[{"id":8608,"href":"https:\/\/shotokai.com\/espanol\/wp-json\/wp\/v2\/pages\/6911\/revisions\/8608"}],"wp:attachment":[{"href":"https:\/\/shotokai.com\/espanol\/wp-json\/wp\/v2\/media?parent=6911"}],"curies":[{"name":"wp","href":"https:\/\/api.w.org\/{rel}","templated":true}]}}