{"id":6995,"date":"2017-09-11T06:17:31","date_gmt":"2017-09-11T06:17:31","guid":{"rendered":"https:\/\/shotokai.com\/espanol\/?page_id=6995"},"modified":"2017-09-11T06:21:21","modified_gmt":"2017-09-11T06:21:21","slug":"shigeru-egami-el-sucesor-de-gichin-funakoshi","status":"publish","type":"page","link":"https:\/\/shotokai.com\/espanol\/shigeru-egami-el-sucesor-de-gichin-funakoshi\/","title":{"rendered":"Shigeru Egami, el sucesor de Gichin Funakoshi"},"content":{"rendered":"<p>[vc_row][vc_column width=&#8221;2\/3&#8243;][vc_column_text]<span style=\"font-family: Arial, Helvetica, sans-serif;\"><span style=\"font-family: Arial, Helvetica, sans-serif;\">Shigeru Egami naci\u00f3 en 1912 en la prefectura de Fukuoka, fue uno de los alumnos m\u00e1s antiguos de Gichin Funakoshi y adem\u00e1s uno de sus seguidores m\u00e1s fieles y correctos. Fue por esto que O-sensei dej\u00f3 su organizaci\u00f3n, Shotokai (la Asociaci\u00f3n de Shoto, pseud\u00f3nimo del Maestro Funakoshi), en sus manos . Egami conoci\u00f3 a Funakoshi cuando ten\u00eda 18 a\u00f1os de edad, momento en el cual comenz\u00f3 a practicar Karate-do en la prestigiosa Universidad de Waseda, en la cual ayud\u00f3 a fundar su club de Karate. Anterior a ese momento ya hab\u00eda practicado judo, kendo y aikido. Acompa\u00f1\u00f3 varios a\u00f1os a su Maestro junto con Yoshitaka y Shimoda dando demostraciones por todo Jap\u00f3n para difundir el nuevo arte marcial japon\u00e9s. En 1937 es nombrado por el Maestro Gichin Funakoshi, miembro del Tribunal de Grados de la Asociaci\u00f3n, llegando a ser el instructor m\u00e1s joven de la \u00e9poca. Ense\u00f1\u00f3 Karate-do en las universidades de Gakushuin, Toho y Chuo.<\/span><\/span><\/p>\n<p><span style=\"font-family: Arial, Helvetica, sans-serif;\"><span style=\"font-family: 'century schoolbook', 'bookman old style', bookman, 'book antiqua', arial, verdana;\">Luego de la muerte de Gichin Funakoshi en 1957, Shigeru Egami inicia la tarea de cambiarle la reputaci\u00f3n de &#8220;arte mort\u00edfero&#8221; al Karate, algo que O-sensei trat\u00f3 de hacer toda su vida. Su idea fue la de hacer llegar a Karate-do como una lucha contra s\u00ed mismo, con autosacrificio, llevando as\u00ed las bases filos\u00f3ficas del arte a todos los otros aspectos de la vida. El concepto esencial era el de autorealizaci\u00f3n, por encima de los logros combativos. Como directa consecuencia Egami elimin\u00f3 muchos conceptos sobre la victoria en el combate, buscando una armon\u00eda f\u00edsica, un equilibrio del ser humano a trav\u00e9s de la pr\u00e1ctica de Karate-do.<\/span><\/span><\/p>\n<p>[\/vc_column_text][\/vc_column][vc_column width=&#8221;1\/3&#8243;][vc_single_image image=&#8221;6999&#8243; img_size=&#8221;full&#8221;][\/vc_column][\/vc_row][vc_row][vc_column width=&#8221;2\/3&#8243;][vc_column_text]<span style=\"font-family: Arial, Helvetica, sans-serif;\">En cuanto al Karate que Egami desarroll\u00f3 a trav\u00e9s de sus a\u00f1os de estudio, se vari\u00f3 la mec\u00e1nica de algunas t\u00e9cnicas, la zona de golpe, los desplazamientos, etc. En grandes rasgos el m\u00e9todo es m\u00e1s fluido, m\u00e1s continuo. Se puso mucho \u00e9nfasis en la relajaci\u00f3n y en el desarrollo de un perfecto kime, enfocando toda la energ\u00eda en un solo punto. Shigeru Egami puso \u00e9nfasis adem\u00e1s en la idea del golpe \u00fanico y elimin\u00f3, a trav\u00e9s de estudios, toda t\u00e9cnica que se considerara ineficaz o dudosa, usando el criterio de que deb\u00eda estar en armon\u00eda con la naturaleza del ser humano.<\/span><\/p>\n<p><span style=\"font-family: Arial, Helvetica, sans-serif;\">Shigeru Egami nunca trans\u00f3 sobre un aspecto esencial del Karate-do, \u00e9ste fue el evitar el combate deportivo. Consideraba que al competir se modificaba demasiado el esp\u00edritu y el entrenamiento del Karate-do, habiendo mucho m\u00e1s en Karate que el ganar combates.<\/span><\/p>\n<p><span style=\"font-family: Arial, Helvetica, sans-serif;\">Aunque es claro que la t\u00e9cnica mostr\u00f3 una evoluci\u00f3n durante la vida de Gichin y Yoshitaka Funakoshi, algo que permaneci\u00f3 invariable y que fue continuado por Shigeru Egami fue el aspecto espiritual y formativo. En eso sigui\u00f3 el camino trazado por Gichin Funakoshi y revitaliz\u00f3 y perpetu\u00f3 el DO. Uno de los grandes legados de Egami fue exactamente ese, el evitar comercializar, diluir y destruir el Karate-do a trav\u00e9s de la competencia deportiva y profundizar el estudio de los aspectos internos y filos\u00f3ficos del arte.<\/span><\/p>\n<p><span style=\"font-family: Arial, Helvetica, sans-serif;\">En su vejez varias enfermedades aquejaron al maestro Egami. Una embolia cerebral lo tuvo tres meses sin comer, en esa ocasi\u00f3n se puso a prueba su fortaleza, lleg\u00f3 a pesar 37 kilogramos.<\/span><\/p>\n<p><span style=\"font-family: Arial, Helvetica, sans-serif;\">En 1981, el 8 de enero, una pulmon\u00eda apag\u00f3 la vida de este gran maestro. Seg\u00fan registros de su vida se puede concluir que su prematura muerte se debi\u00f3 en parte a su duro entrenamiento que dej\u00f3 marcas en su salud. Egami sacrific\u00f3 mucho de su salud y bienestar para llegar a su verdad, una herencia que actualmente perpet\u00faan muchos practicantes en el mundo, que siguen y respetan las l\u00edneas trazadas por \u00e9l.<\/span><\/p>\n<p><span style=\"font-family: Arial, Helvetica, sans-serif;\">Mucha m\u00e1s informaci\u00f3n en la\u00a0<a href=\"#\">GALER\u00cdA DEL MAESTRO EGAMI<\/a><\/span>[\/vc_column_text][\/vc_column][vc_column width=&#8221;1\/3&#8243;][vc_single_image image=&#8221;7002&#8243; img_size=&#8221;full&#8221;][\/vc_column][\/vc_row]<\/p>\n","protected":false},"excerpt":{"rendered":"<p>[vc_row][vc_column width=&#8221;2\/3&#8243;][vc_column_text]Shigeru Egami naci\u00f3 en 1912 en la prefectura de Fukuoka, fue uno de los alumnos m\u00e1s antiguos de Gichin Funakoshi y adem\u00e1s uno de sus<span class=\"excerpt-hellip\"> [\u2026]<\/span><\/p>\n","protected":false},"author":1,"featured_media":0,"parent":0,"menu_order":0,"comment_status":"closed","ping_status":"closed","template":"","meta":{"footnotes":""},"class_list":["post-6995","page","type-page","status-publish","hentry"],"_links":{"self":[{"href":"https:\/\/shotokai.com\/espanol\/wp-json\/wp\/v2\/pages\/6995","targetHints":{"allow":["GET"]}}],"collection":[{"href":"https:\/\/shotokai.com\/espanol\/wp-json\/wp\/v2\/pages"}],"about":[{"href":"https:\/\/shotokai.com\/espanol\/wp-json\/wp\/v2\/types\/page"}],"author":[{"embeddable":true,"href":"https:\/\/shotokai.com\/espanol\/wp-json\/wp\/v2\/users\/1"}],"replies":[{"embeddable":true,"href":"https:\/\/shotokai.com\/espanol\/wp-json\/wp\/v2\/comments?post=6995"}],"version-history":[{"count":3,"href":"https:\/\/shotokai.com\/espanol\/wp-json\/wp\/v2\/pages\/6995\/revisions"}],"predecessor-version":[{"id":7003,"href":"https:\/\/shotokai.com\/espanol\/wp-json\/wp\/v2\/pages\/6995\/revisions\/7003"}],"wp:attachment":[{"href":"https:\/\/shotokai.com\/espanol\/wp-json\/wp\/v2\/media?parent=6995"}],"curies":[{"name":"wp","href":"https:\/\/api.w.org\/{rel}","templated":true}]}}