{"id":7210,"date":"2017-09-12T08:42:21","date_gmt":"2017-09-12T08:42:21","guid":{"rendered":"https:\/\/shotokai.com\/espanol\/?page_id=7210"},"modified":"2017-09-12T08:42:21","modified_gmt":"2017-09-12T08:42:21","slug":"posicionesposturas","status":"publish","type":"page","link":"https:\/\/shotokai.com\/espanol\/posicionesposturas\/","title":{"rendered":"POSICIONES\/POSTURAS"},"content":{"rendered":"<p>[vc_row][vc_column][vc_column_text]<\/p>\n<h3>POSICIONES\/POSTURAS<\/h3>\n<p>Las posturas que nos han sido legadas desde el pasado son: la postura natural (hachiji-dachi), la postura natural reversa (gyaku hachiji-dachi), la postura con los pies juntos (heisoku-dachi), la postura de jinete a caballo (kiba-dachi), la postura atrasada (kokutsu-dachi), la postura pierna de gato (nekoashi-dachi, la postura adelantada (zenkutsu-dachi) y la postura llamada sanchin-dachi. Dos posturas que han sido adoptadas en tiempos m\u00e1s recientes son la postura cuadrada (shiko-dachi) y la postura inmovible (fudo-dachi).<\/p>\n<p><a href=\"https:\/\/shotokai.com\/espanol\/wp-content\/uploads\/2017\/09\/134.jpg\">Heisoku-dachi<\/a>: Pies cerrados<\/p>\n<p><a href=\"https:\/\/shotokai.com\/espanol\/wp-content\/uploads\/2017\/09\/135.jpg\">Musubi-dachi<\/a>: Pies juntos<\/p>\n<p><a href=\"https:\/\/shotokai.com\/espanol\/wp-content\/uploads\/2017\/09\/136.jpg\">Heiko dachi<\/a>: Pies paralelos<\/p>\n<p><a href=\"https:\/\/shotokai.com\/espanol\/wp-content\/uploads\/2017\/09\/137.jpg\">Gyaku hachiji dachi<\/a>: Pies remetidos.<\/p>\n<p><a href=\"https:\/\/shotokai.com\/espanol\/wp-content\/uploads\/2017\/09\/138.jpg\">Hachiji-dachi<\/a>: Pies separados<\/p>\n<h2>POSICION NATURAL (HACHIJI-DACHI)<\/h2>\n<p>Como su nombre implica, esta es la posici\u00f3n mas natural de las posturas de Karate. Tambi\u00e9n se le llama\u00a0<i>shizen-tai<\/i>, significando literalmente &#8220;postura natural&#8221;. Es la base de todas las otras posturas, las cuales pueden ser consideradas variaciones de ella. Cuando se est\u00e1 en esta postura, uno deber\u00ed estar en completa harmon\u00eda con la naturaleza y con el universo.<br \/>\nAntes era costumbre tomar una postura r\u00edgida, con todos los m\u00fasculos duros y alertas, pero esto era el exacto opuesto de una postura natural.<br \/>\nColoca los tobillos de tal manera de que est\u00e9n separados por aproximadamente la anchura de tus hombros, con los dedos dirigidos levemente hacia afuera. Toda tensi\u00f3n debe ser eliminada de las manos, piernas, rodillas, caderas, abdomen y hombros. Parado en una postura natural, relajado y silencioso, como si tu cuerpo entero estuviese fusionado con la atm\u00f3sfera.<br \/>\nAunque la postura parece f\u00e1cil, el hecho es que es dif\u00edcil en algunos aspectos.<\/p>\n<h2>POSICION CON LOS PIES JUNTOS (HEISOKU-DACHI)<\/h2>\n<p>Desde la postura natural, lentamente junta los pies hasta que llegan a tocarse. Mientras haces esto, considera el significado de esta postura; comparala con las otras posturas, piensa y siente c\u00f3mo es diferente y c\u00f3mo el cuerpo ha cambiado.<br \/>\nAnteriormente, las piernas estaban tensas, pero ahora las rodillas est\u00e1n, aunque rectas, relajadas.[\/vc_column_text][\/vc_column][\/vc_row]<\/p>\n","protected":false},"excerpt":{"rendered":"<p>[vc_row][vc_column][vc_column_text] POSICIONES\/POSTURAS Las posturas que nos han sido legadas desde el pasado son: la postura natural (hachiji-dachi), la postura natural reversa (gyaku hachiji-dachi), la postura con<span class=\"excerpt-hellip\"> [\u2026]<\/span><\/p>\n","protected":false},"author":1,"featured_media":0,"parent":0,"menu_order":0,"comment_status":"closed","ping_status":"closed","template":"","meta":{"footnotes":""},"class_list":["post-7210","page","type-page","status-publish","hentry"],"_links":{"self":[{"href":"https:\/\/shotokai.com\/espanol\/wp-json\/wp\/v2\/pages\/7210","targetHints":{"allow":["GET"]}}],"collection":[{"href":"https:\/\/shotokai.com\/espanol\/wp-json\/wp\/v2\/pages"}],"about":[{"href":"https:\/\/shotokai.com\/espanol\/wp-json\/wp\/v2\/types\/page"}],"author":[{"embeddable":true,"href":"https:\/\/shotokai.com\/espanol\/wp-json\/wp\/v2\/users\/1"}],"replies":[{"embeddable":true,"href":"https:\/\/shotokai.com\/espanol\/wp-json\/wp\/v2\/comments?post=7210"}],"version-history":[{"count":1,"href":"https:\/\/shotokai.com\/espanol\/wp-json\/wp\/v2\/pages\/7210\/revisions"}],"predecessor-version":[{"id":7216,"href":"https:\/\/shotokai.com\/espanol\/wp-json\/wp\/v2\/pages\/7210\/revisions\/7216"}],"wp:attachment":[{"href":"https:\/\/shotokai.com\/espanol\/wp-json\/wp\/v2\/media?parent=7210"}],"curies":[{"name":"wp","href":"https:\/\/api.w.org\/{rel}","templated":true}]}}