{"id":7450,"date":"2017-09-15T09:44:31","date_gmt":"2017-09-15T09:44:31","guid":{"rendered":"https:\/\/shotokai.com\/espanol\/?page_id=7450"},"modified":"2017-09-15T09:44:31","modified_gmt":"2017-09-15T09:44:31","slug":"aiki-links-shotokai-2","status":"publish","type":"page","link":"https:\/\/shotokai.com\/espanol\/aiki-links-shotokai-2\/","title":{"rendered":"Aiki links; Shotokai"},"content":{"rendered":"<h3><span style=\"font-size: small;\">LINKS DE SHOTOKAI<\/span><\/h3>\n<h3><b><span style=\"font-size: xx-small;\">AIKIDO, AIKIJUTSU, AIKIBUDO<\/span><\/b><\/h3>\n<h3>Aikido<\/h3>\n<dl>\n<dt><\/dt>\n<\/dl>\n<table border=\"1\" width=\"90%\">\n<tbody>\n<tr>\n<td width=\"77%\">\n<dl>\n<dt><a href=\"http:\/\/www.aikiweb.com\/\">AikiWeb<\/a><\/dt>\n<dd>Un recurso muy completo, con innumerables secciones interesantes y art\u00edculos de mucho inter\u00e9s, deben visitar este sitio.<\/dd>\n<\/dl>\n<\/td>\n<\/tr>\n<\/tbody>\n<\/table>\n<table border=\"1\" width=\"90%\">\n<tbody>\n<tr>\n<td width=\"77%\">\n<dl>\n<dt><a href=\"http:\/\/www.geocities.com\/Colosseum\/Loge\/1062\/index.html\">Aikido<\/a><\/dt>\n<dd>Un sitio de Aikido en espa\u00f1ol, tiene una gran cantidad de material de mucho inter\u00e9s, libros en l\u00ednea, art\u00edculos, videos, etc. Si mejoraran la presnetaci\u00f3n gr\u00e1fica del sitio pasar\u00eda a otra categor\u00eda por completo.<\/dd>\n<\/dl>\n<\/td>\n<\/tr>\n<\/tbody>\n<\/table>\n<table border=\"1\" width=\"90%\">\n<tbody>\n<tr>\n<td width=\"77%\">\n<dl>\n<dt><a href=\"http:\/\/www.takemusu-aikido.org\/aikido\/index.html\">Iwama Ryu Aikido &#8211; Takemusu Aiki &#8211; Traditional Budo<\/a><\/dt>\n<dd>Un punto de partida para la visita de los diversos grupos de este estilo a nivel mundial. Algo de material interesante, un video y muchos links hacia el exterior.<\/dd>\n<\/dl>\n<\/td>\n<\/tr>\n<\/tbody>\n<\/table>\n<table border=\"1\" width=\"90%\">\n<tbody>\n<tr>\n<td width=\"77%\">\n<dl>\n<dt><a href=\"http:\/\/www.ftech.co.uk\/~aiki\/aikido.hts\">Aikido in the UK<\/a><\/dt>\n<dd>Un sitio muy completo sobre Aikido, buen material t\u00e9cnico y una lista excelente de links a otros sitios, podr\u00eda mejorarse el dise\u00f1o y actualizarse un poco.<\/dd>\n<\/dl>\n<\/td>\n<\/tr>\n<\/tbody>\n<\/table>\n<table border=\"1\" width=\"90%\">\n<tbody>\n<tr>\n<td width=\"77%\">\n<dl>\n<dt><a href=\"http:\/\/www.northeastaikikai.com\/\">Northeast Aikikai, Chelmsford, MA &#8211; Aikido<\/a><\/dt>\n<dd>Un muy buen sitio con bastante informaci\u00f3n, buenos art\u00edculos y ensayos, me gust\u00f3 mucho uno titulado &#8220;Doctor, Doctor&#8221;, parece ser un s\u00edndrome muy com\u00fan en las artes marciales.<\/dd>\n<\/dl>\n<\/td>\n<\/tr>\n<\/tbody>\n<\/table>\n<table border=\"1\" width=\"90%\">\n<tbody>\n<tr>\n<td width=\"77%\">\n<dl>\n<dt><a href=\"http:\/\/cal011111.student.utwente.nl\/aikido\/\">Aikido Home Page of the Netherlands<\/a><\/dt>\n<dd>Bien dise\u00f1ado y bastante completo, incluye muchos links y un archivo muy impresionante de videos mpeg..<\/dd>\n<\/dl>\n<\/td>\n<\/tr>\n<\/tbody>\n<\/table>\n<table border=\"1\" width=\"90%\">\n<tbody>\n<tr>\n<td width=\"77%\">\n<dl>\n<dt><a href=\"http:\/\/www.iac.co.jp\/~iyaf\/\">International Yoshinkan Aikido Federation<\/a><\/dt>\n<dd>Un buen sitio con una revista en l\u00ednea, informaci\u00f3n interesante y un buen dise\u00f1o en general.<\/dd>\n<\/dl>\n<\/td>\n<\/tr>\n<\/tbody>\n<\/table>\n<table border=\"1\" width=\"90%\">\n<tbody>\n<tr>\n<td width=\"77%\">\n<dl>\n<dt><a href=\"http:\/\/www.nippon-kan.org\/\">Aikido Nippon Kan Home Page<\/a><\/dt>\n<dd>Con un buen dise\u00f1o pero bastante breve en su presentaci\u00f3n. No me ha sido posible necontrar los famosos QTVRs que prometen.<\/dd>\n<\/dl>\n<\/td>\n<\/tr>\n<\/tbody>\n<\/table>\n<table border=\"1\" width=\"90%\">\n<tbody>\n<tr>\n<td width=\"77%\">\n<dl>\n<dt><a href=\"http:\/\/www.neaikikai.org\/nea\/home.html\">New England Aikikai<\/a><\/dt>\n<dd>Un buen sitio, tiene algo de informaci\u00f3n interesante y entrevistas pero tiende a ser un sitio s\u00f3lo para sus alumnos locales.<\/dd>\n<\/dl>\n<\/td>\n<\/tr>\n<\/tbody>\n<\/table>\n<table border=\"1\" width=\"90%\">\n<tbody>\n<tr>\n<td width=\"77%\">\n<dl>\n<dt><a href=\"http:\/\/www.scri.fsu.edu\/~murray\/aikido\/\">John Murray&#8217;s Aikido Stuff<\/a><\/dt>\n<dd>Un recurso interesante, pero no incluye mucho material original escrito, eso si posee un archivo impresionante de videos mpeg.<\/dd>\n<\/dl>\n<\/td>\n<\/tr>\n<\/tbody>\n<\/table>\n<table border=\"1\" width=\"90%\">\n<tbody>\n<tr>\n<td width=\"77%\">\n<dl>\n<dt><a href=\"http:\/\/www.seidokan.org\/\">Seidokan Aikido World Headquarters<\/a><\/dt>\n<dd>Limitada informaci\u00f3n de inter\u00e9s general. Mayormente un recurso orientado hacia el Aikido Seidokan.<\/dd>\n<\/dl>\n<\/td>\n<\/tr>\n<\/tbody>\n<\/table>\n<table border=\"1\" width=\"90%\">\n<tbody>\n<tr>\n<td width=\"77%\">\n<dl>\n<dt><a href=\"http:\/\/www.mit.edu:8001\/afs\/athena.mit.edu\/user\/r\/e\/rei\/WWW\/Kidir\/Kihome.html\">Info on the Ki Society<\/a><\/dt>\n<dd>Sitio no oficial de la Sociedad Ki, informaci\u00f3n muy limitada, mayormente basado en material ajeno, un sitio de links.<\/dd>\n<\/dl>\n<\/td>\n<\/tr>\n<\/tbody>\n<\/table>\n<h3>Aikijutsu\/budo<\/h3>\n<table border=\"1\" width=\"90%\">\n<tbody>\n<tr>\n<td width=\"77%\">\n<dl>\n<dt><a href=\"http:\/\/www.daito-ryu.org\/\">Daito-ryu Aiki Jujutsu Home Page<\/a><\/dt>\n<dd>Esto es lo que llamo un sitio f\u00f3sil, han pasado casi dos a\u00f1os desde que se actualiz\u00f3 la \u00faltima vez, el material a\u00fan as\u00ed es interesante para aquel que no lo ha visto antes, pero es dif\u00edcil imaginarse que no ha pasado nada en los dos \u00faltimos a\u00f1os.<\/dd>\n<\/dl>\n<\/td>\n<\/tr>\n<\/tbody>\n<\/table>\n<dl>\n<dt><\/dt>\n<dd><\/dd>\n<\/dl>\n","protected":false},"excerpt":{"rendered":"<p>LINKS DE SHOTOKAI AIKIDO, AIKIJUTSU, AIKIBUDO Aikido AikiWeb Un recurso muy completo, con innumerables secciones interesantes y art\u00edculos de mucho inter\u00e9s, deben visitar este sitio. Aikido<span class=\"excerpt-hellip\"> [\u2026]<\/span><\/p>\n","protected":false},"author":1,"featured_media":0,"parent":0,"menu_order":0,"comment_status":"closed","ping_status":"closed","template":"","meta":{"footnotes":""},"class_list":["post-7450","page","type-page","status-publish","hentry"],"_links":{"self":[{"href":"https:\/\/shotokai.com\/espanol\/wp-json\/wp\/v2\/pages\/7450","targetHints":{"allow":["GET"]}}],"collection":[{"href":"https:\/\/shotokai.com\/espanol\/wp-json\/wp\/v2\/pages"}],"about":[{"href":"https:\/\/shotokai.com\/espanol\/wp-json\/wp\/v2\/types\/page"}],"author":[{"embeddable":true,"href":"https:\/\/shotokai.com\/espanol\/wp-json\/wp\/v2\/users\/1"}],"replies":[{"embeddable":true,"href":"https:\/\/shotokai.com\/espanol\/wp-json\/wp\/v2\/comments?post=7450"}],"version-history":[{"count":1,"href":"https:\/\/shotokai.com\/espanol\/wp-json\/wp\/v2\/pages\/7450\/revisions"}],"predecessor-version":[{"id":7451,"href":"https:\/\/shotokai.com\/espanol\/wp-json\/wp\/v2\/pages\/7450\/revisions\/7451"}],"wp:attachment":[{"href":"https:\/\/shotokai.com\/espanol\/wp-json\/wp\/v2\/media?parent=7450"}],"curies":[{"name":"wp","href":"https:\/\/api.w.org\/{rel}","templated":true}]}}