{"id":7558,"date":"2017-09-18T08:19:53","date_gmt":"2017-09-18T08:19:53","guid":{"rendered":"https:\/\/shotokai.com\/espanol\/?page_id=7558"},"modified":"2017-09-18T08:19:53","modified_gmt":"2017-09-18T08:19:53","slug":"encuentro-con-una-serpiente-gichin-funakoshi","status":"publish","type":"page","link":"https:\/\/shotokai.com\/espanol\/encuentro-con-una-serpiente-gichin-funakoshi\/","title":{"rendered":"Encuentro con una serpiente, Gichin Funakoshi"},"content":{"rendered":"<h1>Encuentro con una serpiente<\/h1>\n<h2>Traducido del libro &#8220;My Way of Life&#8221; por O-sensei Funakoshi<\/h2>\n<h3>Kodansha International<\/h3>\n<p>&nbsp;<\/p>\n<p>Existe en Okinawa una serpiente muy venenosa llamada habu. Afortunadamente su mordedura ya no es tan temible en la actualidad como lo era en mis a\u00f1os mozos, donde la \u00fanica salvaci\u00f3n para alguien mordido en la mano o pie era la inmediata amputaci\u00f3n del miembro correspondiente. En la actualidad existe un suero efectivo, pero debe ser inyectado tan pronto como sea posible despu\u00e9s de la mordedura. Nuestra habu okinawense, que llega a crecer a m\u00e1s de 2 metros, a\u00fan es una bestia que hay que evitar.<\/p>\n<p>En los a\u00f1os previos al desarrollo del suero, me fui una noche a la casa del Maestro Azato para una pr\u00e1ctica de karate. Esto ocurri\u00f3 varios a\u00f1os despu\u00e9s de mi matrimonio, y le ped\u00ed a mi hijo mayor, en aquel entonces en la escuela primaria, que me acompa\u00f1ase y que portase la peque\u00f1a l\u00e1mpara que iluminaba nuestra ruta a trav\u00e9s de la noche en la isla.<\/p>\n<p>Mientras caminabamos a trav\u00e9s de Sakashita, entre Naha y Shuri, pasamos un antiguo templo dedicado a la antigua y muy venerada Diosa de la Misericordia, llamada Kannon en japon\u00e9s moderno. Justo despu\u00e9s de pasar su templo divis\u00e9 en el medio del camino un objeto que a primera vista cre\u00ed eran excrementos de caballo, a medida que nos acerc\u00e1bamos me di cuenta que lo que ve\u00eda ten\u00eda vida y no s\u00f3lo viva sino anrollada lista para atacar, observ\u00e1ndo enojadamente a nosotros los dos intrusos.<\/p>\n<p>Cuando mi hijo vio aquellos dos agujeantes ojos brillando en la noche y luego aquella afilada y roja lengua saltando de su boca a la kuz de la linterna, grit\u00f3 de terror y se abalanz\u00f3 sobre mi, abraz\u00e1ndome las piernas en miedo. R\u00e1pidamente lo lanc\u00e9 tras de mi, le quit\u00e9 la linterna y comenc\u00e9 a balancearla lentamente de izquierda a derecha, con mis ojos clavados sobre los de la serpiente. No puedo, ciertamente decirles cuanto dur\u00f3 esto, pero finalmente la serpiente, todav\u00eda observ\u00e1ndome, se desliz\u00f3 hacia la oscuridad del campo de papas adyacente. Fue s\u00f3lo en ese momento que pude ver lo larga que era y lo gruesa que era la habu.<\/p>\n<p>Ya hab\u00eda , naturalmente, a menudo visto varias habu antes, pero nunca anterior a esa noche hab\u00eda visto una enroscada lista para atacar. Como todo Okinawense conoc\u00eda sus desagradables h\u00e1bitos, dudaba mucho que se hubiese ido tan sumisamente sin siquiera intentar atacar, as\u00ed pues, a\u00fan terriblemente asustado, tom\u00e9 la linterna por delante de mi y me adentr\u00e9 en el campo en busca de la serpiente.<\/p>\n<p>Tan pronto como vi aquellos dos ojos brillosos reflejando la luz de la linterna me di cuenta que la habu de hecho me estaba esperando. Me hab\u00eda tendido una trampa y estaba lista para atacarme. Afortunadamente al verme y la linterna oscilante, abandon\u00f3 su ataque y esta vez desapareci\u00f3 definitivamente en la oscuridad del cultivo.<\/p>\n<p>Me pareci\u00f3 aprender una muy importante lecci\u00f3n de la serpiente. Mientras continuabamos nuestro viaje hacia la casa de Azato, le dije a mi hijo, &#8220;Todos conocemos la persistencia de las habu. Pero esta vez ese no fue el peligro. La habu que encontramos parec\u00eda estar al tanto de las t\u00e1cticas de karate, y cuando se adentr\u00f3 en la vegetaci\u00f3n, no estaba huyendo de nosotros. Estaba preparando un ataque. La habu comprend\u00eda muy bien el esp\u00edritu de karate&#8221;.<\/p>\n<p>&nbsp;<\/p>\n","protected":false},"excerpt":{"rendered":"<p>Encuentro con una serpiente Traducido del libro &#8220;My Way of Life&#8221; por O-sensei Funakoshi Kodansha International &nbsp; Existe en Okinawa una serpiente muy venenosa llamada habu.<span class=\"excerpt-hellip\"> [\u2026]<\/span><\/p>\n","protected":false},"author":1,"featured_media":0,"parent":0,"menu_order":0,"comment_status":"closed","ping_status":"closed","template":"","meta":{"footnotes":""},"class_list":["post-7558","page","type-page","status-publish","hentry"],"_links":{"self":[{"href":"https:\/\/shotokai.com\/espanol\/wp-json\/wp\/v2\/pages\/7558","targetHints":{"allow":["GET"]}}],"collection":[{"href":"https:\/\/shotokai.com\/espanol\/wp-json\/wp\/v2\/pages"}],"about":[{"href":"https:\/\/shotokai.com\/espanol\/wp-json\/wp\/v2\/types\/page"}],"author":[{"embeddable":true,"href":"https:\/\/shotokai.com\/espanol\/wp-json\/wp\/v2\/users\/1"}],"replies":[{"embeddable":true,"href":"https:\/\/shotokai.com\/espanol\/wp-json\/wp\/v2\/comments?post=7558"}],"version-history":[{"count":1,"href":"https:\/\/shotokai.com\/espanol\/wp-json\/wp\/v2\/pages\/7558\/revisions"}],"predecessor-version":[{"id":7560,"href":"https:\/\/shotokai.com\/espanol\/wp-json\/wp\/v2\/pages\/7558\/revisions\/7560"}],"wp:attachment":[{"href":"https:\/\/shotokai.com\/espanol\/wp-json\/wp\/v2\/media?parent=7558"}],"curies":[{"name":"wp","href":"https:\/\/api.w.org\/{rel}","templated":true}]}}