{"id":8172,"date":"2017-10-04T07:45:53","date_gmt":"2017-10-04T07:45:53","guid":{"rendered":"https:\/\/shotokai.com\/espanol\/?page_id=8172"},"modified":"2017-10-04T07:52:11","modified_gmt":"2017-10-04T07:52:11","slug":"funakoshi-contra-un-tifn","status":"publish","type":"page","link":"https:\/\/shotokai.com\/espanol\/funakoshi-contra-un-tifn\/","title":{"rendered":"Funakoshi contra un Tif\u00f3n"},"content":{"rendered":"<p>[vc_row][vc_column][vc_column_text]<\/p>\n<h1>Contra un Tif\u00f3n<\/h1>\n<h2>Por Yukio Togawa<\/h2>\n<h3>Extra\u00eddo de Karate-do, My Way of Life.<\/h3>\n<h4>Sobre Gichin Funakoshi<\/h4>\n<p>[\/vc_column_text][\/vc_column][\/vc_row][vc_row][vc_column width=&#8221;1\/3&#8243;][vc_single_image image=&#8221;7959&#8243; img_size=&#8221;full&#8221;][\/vc_column][vc_column width=&#8221;2\/3&#8243;][vc_column_text]<\/p>\n<h4><\/h4>\n<p><strong>El cielo estaba negro, y desde ella sal\u00eda un viento aullante que destru\u00eda todo lo que encontraba en su camino. Grandes ramas se desgarraban desde los grandes \u00e1rboles como si fuesen delicadas ramas, polvo y guijarros volaban en el viento, golpeando dolorosamente los rostros humanos.<\/strong><\/p>\n<p>Okinawa es conocida como la Isla de los Tifones, y la ferocidad de sus tormentas tropicales desaf\u00eda cualquier descripci\u00f3n. Para poder soportar el embate de los vientos que devastan la isla regularmente cada a\u00f1o durante la \u00e9poca de tormentas, las casas okinawenses son bajas y adem\u00e1s son construidas tan robustas como les es posible; est\u00e1n rodeadas adem\u00e1s por altos muros de piedra, y los techos de pizarra son adheridos con cemento. Pero los vientos son tan tremendos (algunas veces alcanzando velocidades de cientos de kil\u00f3metros por hora) que a pesar de las precauciones, las casas vibran y tiemblan.<\/p>\n<p>Durante un tif\u00f3n en particular, del cual me acuerdo, todas los habitantes de Shuri escondidos en sus hogares, rezando que el tif\u00f3n pasara sin generar demasiada destrucci\u00f3n. No, me equivoco en decir que todos los habitantes estaban escondidos en sus hogares: hab\u00eda un joven hombre, sobre el techo de su hogar en Yamakawa-cho, que determinadamente luchaba contra la tormenta.<\/p>\n<p>Cualquier persona que hubiese visto esta figura solitaria, con toda seguridad hubiese concluido que esa persona hab\u00eda perdido su sano juicio. S\u00f3lo vestido con un taparrabos, se paraba sobre las resbaladizas baldosas del techo y sujeto entre ambas manos, como para protejerse del viento aullante, un cubrepiso\u00a0<i>tatami<\/i>. Debe haberse ca\u00eddo varias veces desde el techo al suelo, pues su cuerpo casi desnudo, estaba cubierto con barro.<\/p>\n<p>El joven hombre aparentaba tener unos 20 a\u00f1os de edad o posiblemente menos. Era de baja estatura, poco m\u00e1s de 5 pies de alto (1,60 cm + -), pero sus hombros eran enormes y sus biceps muy abultados. Su pelo estaba ordenado como el de un luchador de Sumo, con un mo\u00f1o y una peque\u00f1a aguja de plata, indicando que pertenec\u00eda a los\u00a0<i>shizoku<\/i>.<\/p>\n<p>Pero todo esto es de poca importancia. Lo que importaba era la expresi\u00f3n en su rostro: los ojos anchos resplandec\u00edn con una extra\u00f1a luz, una frente amplia, piel de un rojo cobrizo. Apretando sus dientes mientras el viento lo azotaba, irradiaba un aura de tremendo poder. Uno podr\u00eda haber cre\u00eddo que era un de los reyes guardianes de Deva.<\/p>\n<p>En ese momento el joven hombre asumi\u00f3 una postura baja, sujetando la alfombrilla de paja contra el viento enloquecido. La postura que adopt\u00f3 era muy impresionante, pues estaba parado como si estuviese sobre un caballo. De hecho, cualquier persona que conociese un poco sobre Karate, inmediatamente se habr\u00eda dado cuenta que se trataba de la posici\u00f3n del jinete (<a href=\"https:\/\/shotokai.com\/espanol\/wp-content\/uploads\/2017\/10\/10.jpg\">kibadachi<\/a>), la m\u00e1s estable de las posiciones del Karate, y de que estaba utilizando el tif\u00f3n enbravecido para refinar su t\u00e9cnica y para reforzarse a\u00fan m\u00e1s f\u00edsica y mentalmente. El viento golpeaba el tatami y al joven con toda su fuerza, pero \u00e9l manten\u00eda su ubicaci\u00f3n sin ninguna vacilaci\u00f3n.[\/vc_column_text][\/vc_column][\/vc_row]<\/p>\n","protected":false},"excerpt":{"rendered":"<p>[vc_row][vc_column][vc_column_text] Contra un Tif\u00f3n Por Yukio Togawa Extra\u00eddo de Karate-do, My Way of Life. Sobre Gichin Funakoshi [\/vc_column_text][\/vc_column][\/vc_row][vc_row][vc_column width=&#8221;1\/3&#8243;][vc_single_image image=&#8221;7959&#8243; img_size=&#8221;full&#8221;][\/vc_column][vc_column width=&#8221;2\/3&#8243;][vc_column_text] El cielo estaba negro,<span class=\"excerpt-hellip\"> [\u2026]<\/span><\/p>\n","protected":false},"author":1,"featured_media":0,"parent":0,"menu_order":0,"comment_status":"closed","ping_status":"closed","template":"","meta":{"footnotes":""},"class_list":["post-8172","page","type-page","status-publish","hentry"],"_links":{"self":[{"href":"https:\/\/shotokai.com\/espanol\/wp-json\/wp\/v2\/pages\/8172","targetHints":{"allow":["GET"]}}],"collection":[{"href":"https:\/\/shotokai.com\/espanol\/wp-json\/wp\/v2\/pages"}],"about":[{"href":"https:\/\/shotokai.com\/espanol\/wp-json\/wp\/v2\/types\/page"}],"author":[{"embeddable":true,"href":"https:\/\/shotokai.com\/espanol\/wp-json\/wp\/v2\/users\/1"}],"replies":[{"embeddable":true,"href":"https:\/\/shotokai.com\/espanol\/wp-json\/wp\/v2\/comments?post=8172"}],"version-history":[{"count":3,"href":"https:\/\/shotokai.com\/espanol\/wp-json\/wp\/v2\/pages\/8172\/revisions"}],"predecessor-version":[{"id":8179,"href":"https:\/\/shotokai.com\/espanol\/wp-json\/wp\/v2\/pages\/8172\/revisions\/8179"}],"wp:attachment":[{"href":"https:\/\/shotokai.com\/espanol\/wp-json\/wp\/v2\/media?parent=8172"}],"curies":[{"name":"wp","href":"https:\/\/api.w.org\/{rel}","templated":true}]}}