{"id":8202,"date":"2017-10-05T09:02:11","date_gmt":"2017-10-05T09:02:11","guid":{"rendered":"https:\/\/shotokai.com\/espanol\/?page_id=8202"},"modified":"2017-10-05T09:02:11","modified_gmt":"2017-10-05T09:02:11","slug":"historia-del-karate-parte-3","status":"publish","type":"page","link":"https:\/\/shotokai.com\/espanol\/historia-del-karate-parte-3\/","title":{"rendered":"Historia del Karate-Do, Parte 3"},"content":{"rendered":"<p>[vc_row][vc_column][vc_column_text]<\/p>\n<p><center><\/center><\/p>\n<h1><span style=\"font-family: Verdana, Arial, Helvetica, sans-serif, 'Courier New';\">Historia del Karate<\/span><\/h1>\n<h2><span style=\"font-family: Verdana, Arial, Helvetica, sans-serif, 'Courier New';\">Incluye historia del Karate-do de O-sensei Gichin Funakoshi<\/span><\/h2>\n<p>&nbsp;<\/p>\n<h3><span style=\"font-family: Verdana, Arial, Helvetica, sans-serif, 'Courier New';\">Parte 3 de 3<\/span><\/h3>\n<p>[\/vc_column_text][\/vc_column][\/vc_row][vc_row][vc_column width=&#8221;2\/3&#8243;][vc_column_text]<span style=\"font-family: Verdana, Arial, Helvetica, sans-serif;\">Durante la II Guerra Mundial todas las artes Budo fueron controladas por el Budokukai, un departamento del gobierno encargado de la defensa. Como el karate era considerado como un arte okinawense y no arte nativo de Jap\u00f3n, no se permit\u00eda participar en \u00e9l, salvo a trav\u00e9s de la secci\u00f3n de judo. Luego de la guerra se prohibieron las artes Budo por las fuerzas de ocupaci\u00f3n. Pero, ya que el karate no estaba ligado a la Budokukai, en 1947, se permiti\u00f3 reabrir los clubes de karate.<\/span><\/p>\n<p>En 1948, (\u00f3 1949, dependiendo de la fuente) los estudiantes de Funakoshi, los clubes universitarios y los dojos privados en todo Jap\u00f3n se organizaron oficialmente en la Nihon Karate Kyokai (Japan Karate Association, JKA) y nombraron al Maestro Funakoshi como su instructor jefe. Isao Obata, el Director e Kichinosuke Saigo como primer presidente de la JKA, ninguno de ellos ten\u00eda el tiempo ni la inclinaci\u00f3n para administrar los intereses de una organizaci\u00f3n tan grande y por ello el directorio inmediatamente contrat\u00f3 personal de tiempo completo para administrarla. Masatomo Takagi fue contratado como secretario general; Masatoshi Nakayama como instructor jefe, para que realizase los entrenamientos diarios en los cuarteles generales; Kimio Ito fue designado director de administraci\u00f3n; y Hidetaka Nishiyama fue nombrado jefe de la comisi\u00f3n de instrucci\u00f3n.<\/p>\n<p><span style=\"font-family: Verdana, Arial, Helvetica, sans-serif;\">Para comprender lo que sucedi\u00f3 luego con la JKA y la exportaci\u00f3n del karate al resto del mundo, ser\u00e1 necesario un poco de informaci\u00f3n adicional. No s\u00f3lo la ascendencia sino tambi\u00e9n las riquezas establec\u00edan la posici\u00f3n de una persona en la estructura de clases y en las instituciones japonesas, especialmente en las escuelas secundarias y las universidades. A\u00fan hoy, la riqueza de una familia y su posici\u00f3n, determinar\u00e1n en gran medida la universidad en la que un joven estudiar\u00e1 y por ello tambi\u00e9n la posibilidad de \u00e9xito de un graduado se ver\u00e1 fuertemente influenciado por lo mismo. Los tres grandes, en t\u00e9rminos de universidades, por prestigio pol\u00edtico y social son: Keio, Waseda y Hosei, los &#8220;Old Boys&#8221;. Estos tres, juntos con Takushoku tambi\u00e9n representan los mejores de Jap\u00f3n pero Takushoku no era parte del establecimiento de las universidades. Comunmente llamada Takudai, fue creada antes de la 2da G.M. con el expreso prop\u00f3sito de entrenar administradores para trabajos en el extranjero. Por ello, estudiantes de Takudai se titulaban en econom\u00eda, importaci\u00f3n y exportaci\u00f3n y en legislaci\u00f3n internacional.<\/span>[\/vc_column_text][\/vc_column][vc_column width=&#8221;1\/3&#8243;][vc_single_image image=&#8221;8203&#8243; img_size=&#8221;full&#8221;][\/vc_column][\/vc_row][vc_row][vc_column width=&#8221;2\/3&#8243;][vc_column_text]<span style=\"font-family: Verdana, Arial, Helvetica, sans-serif;\">Estos trabajos no eran considerados de prestigio por los graduados de las universidades tradicionales. Hab\u00eda, por ello, una considerable fricci\u00f3n de clases en evidencia en la cabeza de la organizaci\u00f3n. Surgieron disputas sobre las pr\u00e1cticas comerciales, la filosof\u00eda y m\u00e9todos de entrenamiento. La divisi\u00f3n de clases se acentu\u00f3 por el hecho de que el staff de Takudai, Takagi y Nakayama entre otros, recib\u00edan dinero por ense\u00f1ar karate.<\/span><\/p>\n<p><span style=\"font-family: Verdana, Arial, Helvetica, sans-serif;\">Las disputas y los desacuerdos que ya en 1952 hab\u00edan obligado al maestro Okano y luego al maestro\u00a0<a href=\"https:\/\/shotokai.com\/espanol\/shigeru-egami-el-sucesor-de-gichin-funakoshi\/\">Shigeru Egami<\/a>\u00a0a retirarse, llegaron a su m\u00e1ximo en 1955 cuando la JKA abri\u00f3 su primer dojo comercial y se lanz\u00f3 una fuerte campa\u00f1a para reclutar nuevos estudiantes. Muchos maestros, incluyendo Isao Obata, sintieron que era absolutamente inmoral que un hombre aceptara dinero por ense\u00f1ar el arte. Aun aquellos no en contra de eso, s\u00ed objetaron colocar karate en el mercado.<\/span>[\/vc_column_text][\/vc_column][vc_column width=&#8221;1\/3&#8243;][vc_single_image image=&#8221;8206&#8243; img_size=&#8221;full&#8221;][\/vc_column][\/vc_row]<\/p>\n","protected":false},"excerpt":{"rendered":"<p>[vc_row][vc_column][vc_column_text] Historia del Karate Incluye historia del Karate-do de O-sensei Gichin Funakoshi &nbsp; Parte 3 de 3 [\/vc_column_text][\/vc_column][\/vc_row][vc_row][vc_column width=&#8221;2\/3&#8243;][vc_column_text]Durante la II Guerra Mundial todas las artes<span class=\"excerpt-hellip\"> [\u2026]<\/span><\/p>\n","protected":false},"author":1,"featured_media":0,"parent":0,"menu_order":0,"comment_status":"closed","ping_status":"closed","template":"","meta":{"footnotes":""},"class_list":["post-8202","page","type-page","status-publish","hentry"],"_links":{"self":[{"href":"https:\/\/shotokai.com\/espanol\/wp-json\/wp\/v2\/pages\/8202","targetHints":{"allow":["GET"]}}],"collection":[{"href":"https:\/\/shotokai.com\/espanol\/wp-json\/wp\/v2\/pages"}],"about":[{"href":"https:\/\/shotokai.com\/espanol\/wp-json\/wp\/v2\/types\/page"}],"author":[{"embeddable":true,"href":"https:\/\/shotokai.com\/espanol\/wp-json\/wp\/v2\/users\/1"}],"replies":[{"embeddable":true,"href":"https:\/\/shotokai.com\/espanol\/wp-json\/wp\/v2\/comments?post=8202"}],"version-history":[{"count":1,"href":"https:\/\/shotokai.com\/espanol\/wp-json\/wp\/v2\/pages\/8202\/revisions"}],"predecessor-version":[{"id":8207,"href":"https:\/\/shotokai.com\/espanol\/wp-json\/wp\/v2\/pages\/8202\/revisions\/8207"}],"wp:attachment":[{"href":"https:\/\/shotokai.com\/espanol\/wp-json\/wp\/v2\/media?parent=8202"}],"curies":[{"name":"wp","href":"https:\/\/api.w.org\/{rel}","templated":true}]}}